{"id":93,"date":"2026-01-27T11:23:47","date_gmt":"2026-01-27T10:23:47","guid":{"rendered":"https:\/\/www-2025.edu.lettere.uniroma2.it\/?page_id=93"},"modified":"2026-01-27T11:36:23","modified_gmt":"2026-01-27T10:36:23","slug":"piani-di-studio","status":"publish","type":"page","link":"https:\/\/www-2025.edu.lettere.uniroma2.it\/index.php\/piani-di-studio\/","title":{"rendered":"Piani di Studio"},"content":{"rendered":"\n<p>I piani di studio saranno approvati in finestre temporali dedicate.<\/p>\n\n\n\n<p>Per l\u2019anno accademico 2025-26 la modifica dei piani di studio \u00e8 da ottobre 2025 al 15 luglio 2026.<\/p>\n\n\n\n<p>La modalit\u00e0 di compilazione del Piano di Studio 2025-26 \u00e8 disponibile al seguente link <a href=\"https:\/\/owncloud.uniroma2.it\/index.php\/s\/bxoTMTgpYxY6LnD\" target=\"_blank\" rel=\"noreferrer noopener\">https:\/\/owncloud.uniroma2.it\/index.php\/s\/bxoTMTgpYxY6LnD<\/a><\/p>\n\n\n\n<p>Per ulteriori informazioni, si prega di consultare il sito della segreteria degli studenti della Macroarea di Lettere e Filosofia disponibile al link: <a href=\"https:\/\/segreteria.lettere.uniroma2.it\/home\/offerta-formativa\/piani-di-studio\/\" target=\"_blank\" rel=\"noreferrer noopener\">https:\/\/segreteria.lettere.uniroma2.it\/home\/offerta-formativa\/piani-di-studio\/<\/a> o contattare la Coordinatrice del Corso di Studi Prof.ssa Mariagrazia Di Giuseppe (mariagrazia.di.giuseppe@uniroma2.it) .<\/p>\n\n\n\n<p><strong>PROCEDURA PER L\u2019INSERIMENTO NEL PIANO DI STUDI DI ESAMI EXTRA-CURRICULARI \u2013 OLTRE AI 180 CFU<\/strong><\/p>\n\n\n\n<p>In applicazione dell\u2019art. 8.17.2 della GUIDA DELLO STUDENTE (A.A. 2025\/2026)<br><a href=\"https:\/\/www-2023.studenti.uniroma2.it\/wp-content\/uploads\/2025\/06\/Guida-dello\" target=\"_blank\" rel=\"noreferrer noopener\">https:\/\/www-2023.studenti.uniroma2.it\/wp-content\/uploads\/2025\/06\/Guida-dello<\/a><br>-Studente-2025_2026x.pdf&nbsp; &nbsp;e dell\u2019art. 27 COMMA 3 del REGOLAMENTO DIDATTICO<br>DI ATENEO, i crediti acquisiti per insegnamenti aggiuntivi rispetto a quelli<br>necessari per concludere il percorso di studio (solitamente non pi\u00f9 di 24<br>cfu) possono essere aggiunti tra le \u201cmaterie a scelta dello studente\u201d<br>all\u2019interno del piano di studi, ma lo studente \u00e8 obbligato a inserite la<br>seguente annotazione prima dell\u2019invio del piano di studi:<\/p>\n\n\n\n<p><strong>\u201cLA MATERIA\u2026\u2026&nbsp; &nbsp;CODICE \u2026\u2026..&nbsp; &nbsp;CFU \u2026\u2026&nbsp; E\u2019 DA CONSIDERARE UN ESAME<\/strong> <strong>EXTRA-CURRICULARE, OLTRE AI 180 CFU, PERTANTO NON VERRA\u2019<\/strong> <strong>CONTEGGIATO IL VOTO NEL COMPUTO DELLA MEDIA\u201d<\/strong><\/p>\n\n\n\n<p>Una volta approvato il piano anche l\u2019annotazione avr\u00e0 valore di approvazione<br>da parte della Commissione del corso di laurea (anche per evitare ad uno ad<br>uno le delibere del Consiglio).<br>Gli esami rimangono registrati nella carriera dello studente (non saranno<br>presenti nei curricula di laurea) e potranno essere successivamente<br>riconosciuti ai sensi della normativa in vigore.&nbsp; Risulteranno (oltre ai 180<br>oppure 120 cfu) anche all\u2019interno dei certificati e saranno inseriti nel<br>diploma supplement.<\/p>\n\n\n\n<p><strong>PROCEDURE PER LA SOSTITUZIONE DI INSEGNAMENTI DISATTIVATI NEL PIANO DI STUDI<\/strong><\/p>\n\n\n\n<p>Gli studenti immatricolati prima del 2025-2026 devono seguire il manifesto degli studi della propria Coorte di immatricolazione.<br>Pu\u00f2 capitare negli anni che il corso di laurea abbia disattivato insegnamenti e che lo studente non trovi pi\u00f9 disponibile un insegnamento precedente approvato nel piano di studi.<br>Per comprendere come sostituire l\u2019insegnamento disattivato nel nuovo piano di studi, lo studente deve consultare la lista insegnamenti che viene ogni anno messa a disposizione<br>degli studenti al link <a href=\"https:\/\/segreteria.lettere.uniroma2.it\/home\/offerta-formativa\/materie-impartite\/\">https:\/\/segreteria.lettere.uniroma2.it\/home\/offerta-formativa\/materie-impartite\/<\/a><\/p>\n\n\n\n<p>Nel \u201cCERCA\u201d in alto a sinistra deve cercare il codice corrispondente alla materia che deve sostenere. Se il codice non \u00e8 pi\u00f9 presente vuol dire che la materia \u00e8 stata disattivata, oppure pu\u00f2 leggere quanto indicato nella colonna \u201cANNOTAZIONI\u201d, oppure \u00e8 stato sostituito il docente.<\/p>\n\n\n\n<p>*&nbsp; &nbsp; &nbsp; &nbsp; <strong>Nel caso di disattivazione di materie obbligatorie \u00e8 il corso di<\/strong><br><strong>laurea che deve consigliare allo studente con quale&nbsp; insegnamento pu\u00f2 essere<\/strong> <strong>sostituita la materia disattivata. In questo caso lo studente deve mettere<\/strong> <strong>un\u2019annotazione in fondo al piano di studi con la sostituzione (indicando<\/strong> <strong>codice, cfu e nome di entrambe le materie).<\/strong><\/p>\n\n\n\n<p>*&nbsp; &nbsp; &nbsp; &nbsp; <strong>Nel caso di materie disattivate all\u2019interno dei QUADRI OPZIONALI<\/strong> &nbsp;lo studente deve scegliere una diversa materia all\u2019interno dello stesso quadro.<\/p>\n\n\n\n<p>*&nbsp; &nbsp; &nbsp; &nbsp; <strong>Nel caso in cui tutte le materie del quadro siano state disattivate<\/strong> lo studente deve rivolgersi al Coordinatore per farsi consigliare quale materia inserire (solitamente del medesimo SSD degli insegnamenti disattivati). Anche in questo caso \u00e8 necessario che lo studente metta un\u2019annotazione in fondo al piano di studi con la sostituzione (indicando codice, cfu e nome di entrambe le materie).<\/p>\n\n\n\n<p>Si ricorda che nessuna materia messa all\u2019interno del riquadro annotazioni potr\u00e0<br>essere prenotata in modo autonomo dagli studenti. Per questo \u00e8 messo a<br>disposizione un form per la richiesta di prenotazione dell\u2019esame al link <a href=\"https:\/\/segreteria.lettere.uniroma2.it\/home\/esami-di-profitto\/richiesta-prenotazione-esame-a-scelta-libera-dello-studente\/\">https:\/\/segreteria.lettere.uniroma2.it\/home\/esami-di-profitto\/richiesta-prenotazione-esame-a-scelta-libera-dello-studente\/<\/a><\/p>\n","protected":false},"excerpt":{"rendered":"<p>I piani di studio saranno approvati in finestre temporali dedicate. Per l\u2019anno accademico 2025-26 la modifica dei piani di studio \u00e8 da ottobre 2025 al 15 luglio 2026. La modalit\u00e0 di compilazione del Piano di Studio 2025-26 \u00e8 disponibile al<\/p>\n","protected":false},"author":3,"featured_media":0,"parent":0,"menu_order":0,"comment_status":"closed","ping_status":"closed","template":"","meta":{"footnotes":""},"class_list":["post-93","page","type-page","status-publish","hentry"],"_links":{"self":[{"href":"https:\/\/www-2025.edu.lettere.uniroma2.it\/index.php\/wp-json\/wp\/v2\/pages\/93","targetHints":{"allow":["GET"]}}],"collection":[{"href":"https:\/\/www-2025.edu.lettere.uniroma2.it\/index.php\/wp-json\/wp\/v2\/pages"}],"about":[{"href":"https:\/\/www-2025.edu.lettere.uniroma2.it\/index.php\/wp-json\/wp\/v2\/types\/page"}],"author":[{"embeddable":true,"href":"https:\/\/www-2025.edu.lettere.uniroma2.it\/index.php\/wp-json\/wp\/v2\/users\/3"}],"replies":[{"embeddable":true,"href":"https:\/\/www-2025.edu.lettere.uniroma2.it\/index.php\/wp-json\/wp\/v2\/comments?post=93"}],"version-history":[{"count":1,"href":"https:\/\/www-2025.edu.lettere.uniroma2.it\/index.php\/wp-json\/wp\/v2\/pages\/93\/revisions"}],"predecessor-version":[{"id":94,"href":"https:\/\/www-2025.edu.lettere.uniroma2.it\/index.php\/wp-json\/wp\/v2\/pages\/93\/revisions\/94"}],"wp:attachment":[{"href":"https:\/\/www-2025.edu.lettere.uniroma2.it\/index.php\/wp-json\/wp\/v2\/media?parent=93"}],"curies":[{"name":"wp","href":"https:\/\/api.w.org\/{rel}","templated":true}]}}