{"id":89,"date":"2026-01-27T11:19:28","date_gmt":"2026-01-27T10:19:28","guid":{"rendered":"https:\/\/www-2025.edu.lettere.uniroma2.it\/?page_id=89"},"modified":"2026-02-23T16:23:56","modified_gmt":"2026-02-23T15:23:56","slug":"descrizione-del-percorso-di-formazione","status":"publish","type":"page","link":"https:\/\/www-2025.edu.lettere.uniroma2.it\/index.php\/descrizione-del-percorso-di-formazione\/","title":{"rendered":"Descrizione del percorso di formazione"},"content":{"rendered":"\n<p><em>Conoscenza e capacit\u00e0 di comprensione<\/em>:<\/p>\n\n\n\n<p>I laureati acquisiranno le conoscenze necessarie all\u2019attivit\u00e0 di educatore sociopedagogico, formandosi sia sulle discipline di natura pedagogica, fondanti per tale attivit\u00e0, sia su discipline complementari, psicologiche, storico-sociali, letterarie, mediche. Le conoscenze e le capacit\u00e0 di comprensione sono conseguite attraverso le attivit\u00e0 formative ricomprese nel percorso di studio, lo svolgimento di attivit\u00e0 di tirocinio e lo studio personale della bibliografia proposta che consentir\u00e0 di approfondire le tematiche inerenti i diversi ambiti disciplinare, al fine di sviluppare competenze di analisi e interpretazione critica dei differenti contesti che caratterizzano la figura dell\u2019educatore psico-pedagogico.<\/p>\n\n\n\n<p><em>Capacit\u00e0 di applicare conoscenza e comprensione<\/em>:<\/p>\n\n\n\n<p>I laureati dovranno essere capaci di applicare le loro conoscenze nell\u2019insegnamento e nell\u2019attivit\u00e0 di formazione; di contestualizzare tali conoscenze nei diversi ambiti educativi; di contribuire all\u2019inclusione i soggetti svantaggiati; di articolare in maniera critica e riflessiva le conoscenze acquisite, dimostrando un approccio professionale al lavoro previsto dagli sbocchi occupazionali del Corso di Studio. Le capacit\u00e0 di applicazione di conoscenza e comprensione sono conseguite, a valle dell\u2019insieme delle attivit\u00e0 formative e dello studio personale, attraverso lo sviluppo di processi metacognitivi nonch\u00e9 delle attivit\u00e0 esecutive che presiedono al monitoraggio e all\u2019autoregolazione degli stessi. A tal riguardo, risultano particolarmente significative le attivit\u00e0 che consentono di mettere in pratica e\/o di simulare in differenti contesti le conoscenze acquisite (tirocinio, laboratori, studi di caso, attivit\u00e0 di progettazione).<\/p>\n\n\n\n<p><strong>Informazioni utili:<\/strong><\/p>\n\n\n\n<p>Per consultare la lista degli \u00a0insegnamenti del CdS EDU consultare il <a href=\"https:\/\/owncloud.uniroma2.it\/index.php\/s\/SJAWot2GSFLaFWJ\">Manifesto 2025-2026<\/a><\/p>\n\n\n\n<p>Per cercare le date, gli orari e le aule in cui si svolgono le lezioni per gli insegnamenti erogati al II semestre consultare il <a href=\"https:\/\/docs.google.com\/spreadsheets\/d\/1KWFva-qDyvxZ7CrTOA1Pd_r4VfuG37NG\/edit?gid=525926380#gid=525926380\">Calendario lezioni II semestre 2025-2026<\/a><\/p>\n\n\n\n<p>Per gli insegnamenti svolti a distanza consultare&nbsp;<a href=\"https:\/\/www.scuolaiad.it\/area-studio\/accesso-ai-corsi\/indicazioni-aule-zoom\/\">Link alle aule zoom della Scuola IaD per gli insegnamenti svolti &nbsp;a distanza<\/a><\/p>\n\n\n\n<p><a href=\"https:\/\/www.scuolaiad.it\/area-studio\/accesso-ai-corsi\/accesso-agli-ambienti-digitali\/\">Guida all\u2019accesso alla piattaforma E-learning<\/a><\/p>\n","protected":false},"excerpt":{"rendered":"<p>Conoscenza e capacit\u00e0 di comprensione: I laureati acquisiranno le conoscenze necessarie all\u2019attivit\u00e0 di educatore sociopedagogico, formandosi sia sulle discipline di natura pedagogica, fondanti per tale attivit\u00e0, sia su discipline complementari, psicologiche, storico-sociali, letterarie, mediche. Le conoscenze e le capacit\u00e0 di<\/p>\n","protected":false},"author":3,"featured_media":0,"parent":0,"menu_order":0,"comment_status":"closed","ping_status":"closed","template":"","meta":{"footnotes":""},"class_list":["post-89","page","type-page","status-publish","hentry"],"_links":{"self":[{"href":"https:\/\/www-2025.edu.lettere.uniroma2.it\/index.php\/wp-json\/wp\/v2\/pages\/89","targetHints":{"allow":["GET"]}}],"collection":[{"href":"https:\/\/www-2025.edu.lettere.uniroma2.it\/index.php\/wp-json\/wp\/v2\/pages"}],"about":[{"href":"https:\/\/www-2025.edu.lettere.uniroma2.it\/index.php\/wp-json\/wp\/v2\/types\/page"}],"author":[{"embeddable":true,"href":"https:\/\/www-2025.edu.lettere.uniroma2.it\/index.php\/wp-json\/wp\/v2\/users\/3"}],"replies":[{"embeddable":true,"href":"https:\/\/www-2025.edu.lettere.uniroma2.it\/index.php\/wp-json\/wp\/v2\/comments?post=89"}],"version-history":[{"count":4,"href":"https:\/\/www-2025.edu.lettere.uniroma2.it\/index.php\/wp-json\/wp\/v2\/pages\/89\/revisions"}],"predecessor-version":[{"id":1398,"href":"https:\/\/www-2025.edu.lettere.uniroma2.it\/index.php\/wp-json\/wp\/v2\/pages\/89\/revisions\/1398"}],"wp:attachment":[{"href":"https:\/\/www-2025.edu.lettere.uniroma2.it\/index.php\/wp-json\/wp\/v2\/media?parent=89"}],"curies":[{"name":"wp","href":"https:\/\/api.w.org\/{rel}","templated":true}]}}