{"id":77,"date":"2026-01-22T15:14:06","date_gmt":"2026-01-22T14:14:06","guid":{"rendered":"https:\/\/www-2025.edu.lettere.uniroma2.it\/?page_id=77"},"modified":"2026-01-27T11:22:36","modified_gmt":"2026-01-27T10:22:36","slug":"requisiti-minimi","status":"publish","type":"page","link":"https:\/\/www-2025.edu.lettere.uniroma2.it\/index.php\/requisiti-minimi\/","title":{"rendered":"Requisiti minimi per educatore dei servizi educativi per l\u2019infanzia"},"content":{"rendered":"\n<p>Il Decreto legislativo n. 65 del 13 aprile 2017 (articolo 4, comma I, lettera e) riconosce la laurea nella classe L-19 \u2013 Scienze dell\u2019educazione e della formazione come titolo valido ai fini dell\u2019accesso ai posti di <strong>Educatore dei servizi educativi per l\u2019infanzia<\/strong>.<\/p>\n\n\n\n<p>A tal fine, il Decreto Ministeriale n. 378 del 9 maggio 2018 fissa i seguenti requisiti minimi che il percorso formativo deve soddisfare, informa curricolare, aggiuntiva o extra-curricolare:<\/p>\n\n\n\n<ul class=\"wp-block-list\">\n<li>almeno <strong>10 CFU nei SSD M-PED\/01 e\/o M-PED\/02<\/strong> con contenuti specifici sull\u2019infanzia 0-3 anni;<\/li>\n\n\n\n<li>almeno <strong>10 CFU nei SSD M-PED\/03 e M-PED\/04<\/strong> con contenuti specifici sull\u2019infanzia 0-3 anni;<\/li>\n\n\n\n<li>almeno <strong>10 CFU nei SSD M-PSI\/01 e M-PSI\/04<\/strong> con contenuti specifici sull\u2019infanzia 0-3 anni;<\/li>\n\n\n\n<li>almeno <strong>5 CFU nei SSD SPS\/07 oppure SPS\/08<\/strong> con contenuti specifici sull\u2019infanzia 0-3 anni;<\/li>\n\n\n\n<li>almeno <strong>5 CFU in almeno due dei SSD MED\/38, MED\/39, MED\/42 oppure M-PSI\/08<\/strong> con contenuti specifici sull\u2019infanzia 0-3 anni;<\/li>\n\n\n\n<li>almeno <strong>5 CFU di laboratori nei SSD M-PED\/01, M-PED\/02, M-PED\/03, M-PED\/04, M-PSI\/04<\/strong> con contenuti specifici sull\u2019infanzia 0-3 anni;<\/li>\n\n\n\n<li>almeno<strong>10 CFU di tirocinio, di cui almeno il 50% delle ore di tirocinio diretto svolto presso i servizi educativi per l\u2019infanzia<\/strong> di cui all\u2019articolo 2, comma 3 del decreto legislativo n. 65 del 13 aprile 2017.<\/li>\n<\/ul>\n\n\n\n<p>Per supporto nella compilazione del piano di studi \u00e8 possibile rivolgersi allo Sportello Didattico per Studenti (di fronte alla Segreteria studenti Ed. A \u2013 piano terra) aperto dal luned\u00ec al venerd\u00ec dalle 10 alle 13 e dal luned\u00ec al gioved\u00ec anche dalle 14 alle 16.<\/p>\n\n\n\n<p>Telefono 06\/72595000&nbsp;&#8211; E-mail: <a href=\"https:\/\/www-2020.edu.lettere.uniroma2.it\/guida-ai-percorsi-formativi\/sportellostudentilettere@gmail.com\">sportellostudentilettere@gmail.com<\/a><\/p>\n","protected":false},"excerpt":{"rendered":"<p>Il Decreto legislativo n. 65 del 13 aprile 2017 (articolo 4, comma I, lettera e) riconosce la laurea nella classe L-19 \u2013 Scienze dell\u2019educazione e della formazione come titolo valido ai fini dell\u2019accesso ai posti di Educatore dei servizi educativi<\/p>\n","protected":false},"author":3,"featured_media":0,"parent":0,"menu_order":0,"comment_status":"closed","ping_status":"closed","template":"","meta":{"footnotes":""},"class_list":["post-77","page","type-page","status-publish","hentry"],"_links":{"self":[{"href":"https:\/\/www-2025.edu.lettere.uniroma2.it\/index.php\/wp-json\/wp\/v2\/pages\/77","targetHints":{"allow":["GET"]}}],"collection":[{"href":"https:\/\/www-2025.edu.lettere.uniroma2.it\/index.php\/wp-json\/wp\/v2\/pages"}],"about":[{"href":"https:\/\/www-2025.edu.lettere.uniroma2.it\/index.php\/wp-json\/wp\/v2\/types\/page"}],"author":[{"embeddable":true,"href":"https:\/\/www-2025.edu.lettere.uniroma2.it\/index.php\/wp-json\/wp\/v2\/users\/3"}],"replies":[{"embeddable":true,"href":"https:\/\/www-2025.edu.lettere.uniroma2.it\/index.php\/wp-json\/wp\/v2\/comments?post=77"}],"version-history":[{"count":4,"href":"https:\/\/www-2025.edu.lettere.uniroma2.it\/index.php\/wp-json\/wp\/v2\/pages\/77\/revisions"}],"predecessor-version":[{"id":92,"href":"https:\/\/www-2025.edu.lettere.uniroma2.it\/index.php\/wp-json\/wp\/v2\/pages\/77\/revisions\/92"}],"wp:attachment":[{"href":"https:\/\/www-2025.edu.lettere.uniroma2.it\/index.php\/wp-json\/wp\/v2\/media?parent=77"}],"curies":[{"name":"wp","href":"https:\/\/api.w.org\/{rel}","templated":true}]}}