{"id":754,"date":"2026-02-09T14:00:18","date_gmt":"2026-02-09T13:00:18","guid":{"rendered":"https:\/\/www-2025.edu.lettere.uniroma2.it\/?page_id=754"},"modified":"2026-02-16T12:06:19","modified_gmt":"2026-02-16T11:06:19","slug":"storia-della-filosofia-moderna-a-aa-2025-2026","status":"publish","type":"page","link":"https:\/\/www-2025.edu.lettere.uniroma2.it\/index.php\/insegnamenti-e-programmi-aa-2025-2026\/storia-della-filosofia-moderna-a-aa-2025-2026\/","title":{"rendered":"Storia della filosofia moderna &#8211; A a.a. 2025-2026"},"content":{"rendered":"\n<div class=\"wp-block-columns is-layout-flex wp-container-core-columns-is-layout-9d6595d7 wp-block-columns-is-layout-flex\">\n<div class=\"wp-block-column is-layout-flow wp-block-column-is-layout-flow\" style=\"flex-basis:100%\"><div class=\"wp-block-image\">\n<figure class=\"alignright size-full is-resized\"><a href=\"https:\/\/www-2025.edu.lettere.uniroma2.it\/index.php\/history-of-modern-philosopy\/\"><img loading=\"lazy\" decoding=\"async\" width=\"31\" height=\"18\" src=\"https:\/\/www-2025.edu.lettere.uniroma2.it\/wp-content\/uploads\/2026\/02\/Eng-1.png\" alt=\"\" class=\"wp-image-306\" style=\"aspect-ratio:1.5296052823519115;width:31px;height:auto\"\/><\/a><\/figure>\n<\/div><\/div>\n<\/div>\n\n\n\n<figure class=\"wp-block-table\"><table class=\"has-background has-fixed-layout\" style=\"background-color:#f3f3f3\"><tbody><tr><td><strong>Docente:<\/strong> Prof. Claudio Buccolini<br>E-mail:<\/td><\/tr><\/tbody><\/table><\/figure>\n\n\n\n<figure class=\"wp-block-table\"><table class=\"has-fixed-layout\"><tbody><tr><td><strong>CFU:<\/strong> 6<br><strong>Codice:<\/strong> 8048611<br><strong>CdS:<\/strong> Scienze dell&#8217;Educazione e della Formazione<br><strong>Lingua:<\/strong> Italiano<\/td><td><strong>Modalit\u00e0 di svolgimento:<\/strong> in presenza<br><strong>Frequenza:<\/strong> facoltativa<br><strong>Modalit\u00e0 di valutazione:<\/strong> Prova orale<br><\/td><\/tr><\/tbody><\/table><\/figure>\n\n\n\n<figure class=\"wp-block-table\"><table class=\"has-fixed-layout\"><thead><tr><th><strong>Prerequisiti:<\/strong><\/th><\/tr><\/thead><tbody><tr><td>Nessun prerequisito, ma \u00e8 preferibile avere gi\u00e0 ricevuto nelle scuole superiori un avviamento allo studio manualistico della storia della filosofia<\/td><\/tr><\/tbody><\/table><\/figure>\n\n\n\n<figure class=\"wp-block-table\"><table class=\"has-background has-fixed-layout\" style=\"background-color:#f3f3f3\"><thead><tr><th><strong>Programma:<\/strong><\/th><\/tr><\/thead><tbody><tr><td>Il &#8216;Saggio sull&#8217;intelligenza umana&#8217; di John Locke<\/td><\/tr><\/tbody><\/table><\/figure>\n\n\n\n<figure class=\"wp-block-table\"><table class=\"has-fixed-layout\"><thead><tr><th><strong>Testi adottati:<\/strong><\/th><\/tr><\/thead><tbody><tr><td>Testi di esame<br>1) J. Locke, Saggio sull\u2019intelligenza umana, trad. di C. Pellizzi, rivista da G. Farina, con introduzione di C.A. Viano, 2 voll., Laterza, Bari 1994<br>2) J.W. Yolton, John Locke, Il Mulino, Bologna 1990; oppure, in alternativa: M. Sina, Introduzione a Locke, Laterza, Roma-Bari 1993.<br>3) G. Cambiano, L. Fonnesu, M. Mori (a cura di), La filosofia moderna. Il Seicento e il Settecento, Bologna, Il Mulino, 2018. Selezione di capitoli: 1. La Rivoluzione scientifica; 2. Cartesio 3. L\u2019et\u00e0 cartesiana; 4. Hobbes; 5. Locke; 6. Spinoza; 7. Leibniz; 10. L\u2019Illuminismo francese; 11. Rousseau; 12. Hume e la filosofia scozzese; 14. Kant.<\/td><\/tr><\/tbody><\/table><\/figure>\n\n\n\n<figure class=\"wp-block-table\"><table class=\"has-background has-fixed-layout\" style=\"background-color:#f3f3f3\"><thead><tr><th><strong>Bibliografia di riferimento:<\/strong><\/th><\/tr><\/thead><tbody><tr><td>M. Sina, Introduzione a Locke, Laterza, Roma-Bari 1993.<br>C.A. Viano, John Locke: dal razionalismo all&#8217;illuminismo, Einaudi, Torino, 1960.<br>A. Pacchi, Introduzione alla lettura del &#8220;Saggio sull&#8217;intelletto umano&#8221; di Locke, a c. di F. Tomasoni, Milano, Unicopli, 1997.<br>Open source:<br>John Locke (1632\u20141704) in The Internet Encyclopedia of Philosophy (IEP)<br>https:\/\/iep.utm.edu\/locke\/#SH8b<br>John Locke in Stanford Encyclopedia of Philosophy<br>https:\/\/plato.stanford.edu\/entries\/locke\/<\/td><\/tr><\/tbody><\/table><\/figure>\n\n\n\n<figure class=\"wp-block-table\"><table class=\"has-fixed-layout\"><thead><tr><th><strong>Obiettivi formativi e risultati di apprendimento attesi:<\/strong><\/th><\/tr><\/thead><tbody><tr><td>OBIETTIVI FORMATIVI: Il corso si propone di fornire le conoscenze e le capacit\u00e0 di comprensione, applicazione delle conoscenze, autonomia di giudizio e abilit\u00e0 comunicative sufficienti a ottenere un metodo di studio e di esposizione di un testo di argomento storico-filosofico. Coerentemente con gli obiettivi formativi del Corso di Studio erogante previsti dalla scheda SUA-CdS, l&#8217;attivit\u00e0 formativa di questo modulo si propone di fornire allo studente le seguenti conoscenze e abilit\u00e0:<br>CONOSCENZA E CAPACIT\u00c0 DI COMPRENSIONE: Capacit\u00e0 di comprensione e studio di un testo filosofico in relazione al suo contesto e al suo significato storico<br>CAPACIT\u00c0 DI APPLICARE CONOSCENZA E COMPRENSIONE: Capacit\u00e0 di presentare ed esporre testi filosofici in relazione al loro significato storico e concettuale<br>AUTONOMIA DI GIUDIZIO: Capacit\u00e0 di articolare un giudizio personale in merito alle interpretazioni del testo discusse e presentate<br>ABILIT\u00c0 COMUNICATIVE: Capacit\u00e0 di esporre e discutere il testo con padronanza degli strumenti linguistici generali e con l\u2019uso di un lessico filosofico di base<br>CAPACIT\u00c0 DI APPRENDIMENTO: Capacit\u00e0 di elaborare in maniera autonoma un metodo di studio, di esposizione e di discussione di un testo di argomento storico-filosofico<\/td><\/tr><\/tbody><\/table><\/figure>\n\n\n\n<figure class=\"wp-block-table is-style-regular\"><table class=\"has-background has-fixed-layout\" style=\"background-color:#f3f3f3\"><thead><tr><th><strong>Modalit\u00e0 e criteri di verifica dell\u2019apprendimento:<\/strong><\/th><\/tr><\/thead><tbody><tr><td>L&#8217;esame valuta la preparazione complessiva dello studente, la capacit\u00e0 di mettere in relazione le conoscenze riguardanti le varie parti del programma, la coerenza dell&#8217;argomentazione, la capacit\u00e0 analitica e l&#8217;autonomia di giudizio. Vengono inoltre valutate la padronanza del linguaggio e la chiarezza espositiva dello studente, in conformit\u00e0 con i descrittori di Dublino (1. conoscenza e comprensione; 2. applicazione della conoscenza e dell&#8217;esperienza; 3. formulazione di giudizi; 4. capacit\u00e0 di apprendimento; 5. capacit\u00e0 di comunicazione). Il voto finale si baser\u00e0 per il 70% sull&#8217;approfondimento delle conoscenze dello studente e per il 30% sulla sua capacit\u00e0 di espressione e di pensiero critico indipendente. L&#8217;esame sar\u00e0 valutato secondo i seguenti criteri: \u2013 Non superato: significative carenze e imprecisioni nella conoscenza e nella comprensione della materia; scarse capacit\u00e0 di analisi e sintesi, ricorrenti generalizzazioni, limitate capacit\u00e0 critiche e di giudizio; gli argomenti sono esposti in modo incoerente e con un linguaggio inappropriato. \u2013 18-20: Conoscenza e comprensione degli argomenti appena sufficiente, con occasionali generalizzazioni e imperfezioni; sufficiente capacit\u00e0 di analisi sintesi e autonomia di giudizio, gli argomenti sono frequentemente esposti in modo incoerente e con un lessico inadeguato. \u2013 21-23: Discreta conoscenza e comprensione dell&#8217;argomento; adeguate capacit\u00e0 di analisi e sintesi con argomentazioni coerenti e logiche, ma con un lessico spesso inadeguato. \u2013 24-26: Buona conoscenza e comprensione degli argomenti; buone capacit\u00e0 di analisi e sintesi con argomentazioni espresse in modo rigoroso, ma con un lessico non sempre adeguato.<br>\u2013 27-29: Ottima conoscenza e comprensione degli argomenti; notevoli capacit\u00e0 di analisi e sintesi. Buona autonomia di giudizio. Argomenti esposti in modo rigoroso e con un lessico. \u2013 30-30 e lode: Eccellente livello di conoscenza e comprensione degli argomenti. Ottime capacit\u00e0 di analisi, sintesi e autonomia di giudizio. Le argomentazioni sono espresse in modo originale e con un lessico adeguato.<\/td><\/tr><\/tbody><\/table><\/figure>\n\n\n\n<figure class=\"wp-block-table\"><table class=\"has-fixed-layout\"><thead><tr><th><strong>Descrizione della modalit\u00e0 di svolgimento e metodi didattici adottati<\/strong>:<\/th><\/tr><\/thead><tbody><tr><td>Lettura ed esposizione dei testi<br>Presentazioni in Power Point<br>Materiale didattico in open acces<br>Insegnamento capovolto e apprendimento cooperativo: presentazione di approfondimenti relativi a temi trattati nel corso da parte di gruppi di lavoro di studenti<br>La frequenza non \u00e8 obbligatoria ma caldamente consigliata.<\/td><\/tr><\/tbody><\/table><\/figure>\n\n\n\n<p><\/p>\n","protected":false},"excerpt":{"rendered":"<p>Docente: Prof. Claudio BuccoliniE-mail: CFU: 6Codice: 8048611CdS: Scienze dell&#8217;Educazione e della FormazioneLingua: Italiano Modalit\u00e0 di svolgimento: in presenzaFrequenza: facoltativaModalit\u00e0 di valutazione: Prova orale Prerequisiti: Nessun prerequisito, ma \u00e8 preferibile avere gi\u00e0 ricevuto nelle scuole superiori un avviamento allo studio manualistico<\/p>\n","protected":false},"author":3,"featured_media":0,"parent":351,"menu_order":0,"comment_status":"closed","ping_status":"closed","template":"","meta":{"footnotes":""},"class_list":["post-754","page","type-page","status-publish","hentry"],"_links":{"self":[{"href":"https:\/\/www-2025.edu.lettere.uniroma2.it\/index.php\/wp-json\/wp\/v2\/pages\/754","targetHints":{"allow":["GET"]}}],"collection":[{"href":"https:\/\/www-2025.edu.lettere.uniroma2.it\/index.php\/wp-json\/wp\/v2\/pages"}],"about":[{"href":"https:\/\/www-2025.edu.lettere.uniroma2.it\/index.php\/wp-json\/wp\/v2\/types\/page"}],"author":[{"embeddable":true,"href":"https:\/\/www-2025.edu.lettere.uniroma2.it\/index.php\/wp-json\/wp\/v2\/users\/3"}],"replies":[{"embeddable":true,"href":"https:\/\/www-2025.edu.lettere.uniroma2.it\/index.php\/wp-json\/wp\/v2\/comments?post=754"}],"version-history":[{"count":3,"href":"https:\/\/www-2025.edu.lettere.uniroma2.it\/index.php\/wp-json\/wp\/v2\/pages\/754\/revisions"}],"predecessor-version":[{"id":1062,"href":"https:\/\/www-2025.edu.lettere.uniroma2.it\/index.php\/wp-json\/wp\/v2\/pages\/754\/revisions\/1062"}],"up":[{"embeddable":true,"href":"https:\/\/www-2025.edu.lettere.uniroma2.it\/index.php\/wp-json\/wp\/v2\/pages\/351"}],"wp:attachment":[{"href":"https:\/\/www-2025.edu.lettere.uniroma2.it\/index.php\/wp-json\/wp\/v2\/media?parent=754"}],"curies":[{"name":"wp","href":"https:\/\/api.w.org\/{rel}","templated":true}]}}