{"id":566,"date":"2026-02-07T17:29:09","date_gmt":"2026-02-07T16:29:09","guid":{"rendered":"https:\/\/www-2025.edu.lettere.uniroma2.it\/?page_id=566"},"modified":"2026-02-17T11:33:55","modified_gmt":"2026-02-17T10:33:55","slug":"psicopatologia-generale-aa-2025-2026","status":"publish","type":"page","link":"https:\/\/www-2025.edu.lettere.uniroma2.it\/index.php\/insegnamenti-e-programmi-aa-2025-2026\/psicopatologia-generale-aa-2025-2026\/","title":{"rendered":"Psicopatologia generale a.a. 2025-2026"},"content":{"rendered":"\n<div class=\"wp-block-columns is-layout-flex wp-container-core-columns-is-layout-9d6595d7 wp-block-columns-is-layout-flex\">\n<div class=\"wp-block-column is-layout-flow wp-block-column-is-layout-flow\" style=\"flex-basis:100%\"><div class=\"wp-block-image\">\n<figure class=\"alignright size-full is-resized\"><a href=\"\/index.php\/insegnamenti-e-programmi-aa-2025-2026\/general-psychopatology-ay-2025-2026\/\"><img loading=\"lazy\" decoding=\"async\" width=\"31\" height=\"18\" src=\"https:\/\/www-2025.edu.lettere.uniroma2.it\/wp-content\/uploads\/2026\/02\/Eng-1.png\" alt=\"\" class=\"wp-image-306\" style=\"aspect-ratio:1.5296052823519115;width:31px;height:auto\"\/><\/a><\/figure>\n<\/div><\/div>\n<\/div>\n\n\n\n<figure class=\"wp-block-table\"><table class=\"has-background has-fixed-layout\" style=\"background-color:#f3f3f3\"><tbody><tr><td><strong>Docente:<\/strong> Prof.ssa Mariagrazia Di Giuseppe<br><strong>E-mail:<\/strong> <a href=\"mailto:mariagrazia.di.giuseppe@uniroma2.it\">mariagrazia.di.giuseppe@uniroma2.it<\/a> <\/td><\/tr><\/tbody><\/table><\/figure>\n\n\n\n<figure class=\"wp-block-table\"><table class=\"has-fixed-layout\"><tbody><tr><td><strong>CFU:<\/strong> 6<br><strong>Codice:<\/strong> 804002812<br><strong>CdS:<\/strong> Scienze dell&#8217;educazione e della formazione<br><strong>Lingua:<\/strong> Italiano<\/td><td><strong>Modalit\u00e0 di svolgimento:<\/strong> a distanza<br><strong>Frequenza:<\/strong> facoltativa<br><strong>Modalit\u00e0 di valutazione:<\/strong> Prova scritta<\/td><\/tr><\/tbody><\/table><\/figure>\n\n\n\n<figure class=\"wp-block-table\"><table class=\"has-fixed-layout\"><thead><tr><th><strong>Prerequisiti:<\/strong><\/th><\/tr><\/thead><tbody><tr><td>Conoscenza della lingua italiana (B2); Nozioni di base di psicologia.<\/td><\/tr><\/tbody><\/table><\/figure>\n\n\n\n<figure class=\"wp-block-table\"><table class=\"has-background has-fixed-layout\" style=\"background-color:#f3f3f3\"><thead><tr><th><strong>Programma:<\/strong><\/th><\/tr><\/thead><tbody><tr><td>Contenuti del corso:<br>Il processo diagnostico in psicopatologia<br>Definizione dei principali quadri psicopatologici<br>Tecniche di valutazione empirica dei sintomi psicopatologici<br>Definizione dei disturbi della personalit\u00e0<br>La diagnosi differenziale<br>Proposte di trattamento<\/td><\/tr><\/tbody><\/table><\/figure>\n\n\n\n<figure class=\"wp-block-table\"><table class=\"has-fixed-layout\"><thead><tr><th><strong>Testi adottati:<\/strong><\/th><\/tr><\/thead><tbody><tr><td>I testi adottati nel corso fanno riferimento ad un manuale di psicopatologia generale e vari articoli scientifici per l&#8217;approfondimento dei metodi diagnostici proposti dal docente. Costituisce parte integrante dello studio per la preparazione all\u2019esame anche il materiale didattico di approfondimento fornito durante le lezioni e pubblicato sul canale teams del corso.<br>Lingiardi V. (2024) La personalit\u00e0 e i suoi disturbi. Valutazione clinica e diagnosi al servizio del trattamento. Raffaello Cortina Ed.: Milano<br>Lingiardi V. (2021) Arcipelago N. Einaudi Ed: Torino.<\/td><\/tr><\/tbody><\/table><\/figure>\n\n\n\n<figure class=\"wp-block-table\"><table class=\"has-background has-fixed-layout\" style=\"background-color:#f3f3f3\"><thead><tr><th><strong>Bibliografia di riferimento:<\/strong><\/th><\/tr><\/thead><tbody><tr><td>Lingiardi V. (2024) La personalit\u00e0 e i suoi disturbi. Valutazione clinica e diagnosi al servizio del trattamento. Raffaello Cortina Ed.: Milano<br>Lingiardi V. (2021) Arcipelago N. Einaudi Ed: Torino.<\/td><\/tr><\/tbody><\/table><\/figure>\n\n\n\n<figure class=\"wp-block-table\"><table class=\"has-fixed-layout\"><thead><tr><th><strong>Obiettivi formativi e risultati di apprendimento attesi:<\/strong><\/th><\/tr><\/thead><tbody><tr><td>OBIETTIVI FORMATIVI: L&#8217;obiettivo del corso \u00e8 quello di fornire conoscenze e competenze teoriche e metodologiche per la diagnosi psicopatologica basata sulle principali nosografie psichiatriche attualmente in uso. Gli obiettivi specifici saranno: la definizione dei quadri diagnostici inseriti nel DSM-5-Tr, la definizione dei disturbi della personalit\u00e0, l&#8217;analisi delle interconnessioni tra psicopatologia e modelli evolutivi, la descrizione dei principali metodi clinico-diagnostici empiricamente validati e utilizzati nello screening e durante il trattamento.<br>CONOSCENZA E CAPACIT\u00c0 DI COMPRENSIONE: Gli studenti e le studentesse acquisiranno una comprensione approfondita dei principali modelli diagnostici e d&#8217;\u2019intervento nell&#8217;ambito della psicopatologia.<br>CAPACIT\u00c0 DI APPLICARE CONOSCENZA E COMPRENSIONE: Agli studenti e alle studentesse sar\u00e0 richiesta una adeguata capacit\u00e0 di comprensione e rielaborazione critica dei contenuti trasmessi attraverso le lezioni frontali. Tali capacit\u00e0 dovranno essere supportate dallo studio approfondito dei testi d\u2019&#8217;esame e dei materiali di approfondimento che verranno forniti dal docente.<br>AUTONOMIA DI GIUDIZIO: Gli studenti e le studentesse dovranno dimostrare la capacit\u00e0 di sintesi e analisi critica dei contenuti e di saper creare collegamenti tra modelli teorici e applicazioni cliniche in ambito psicopatologico.<br>ABILIT\u00c0 COMUNICATIVE: Gli studenti e le studentesse dovranno acquisire la capacit\u00e0 di comunicare in maniera esaustiva conoscenze relative a tematiche di rilevante interesse psicopatologico, dimostrando competenze nell&#8217;utilizzo del linguaggio specialistico della disciplina.<br>CAPACIT\u00c0 DI APPRENDIMENTO: Il corso intende fornire le conoscenze teoriche e tecniche inerenti alla psicopatologia generale necessarie per la valutazione di condizioni di rilevante interesse clinico.<\/td><\/tr><\/tbody><\/table><\/figure>\n\n\n\n<figure class=\"wp-block-table is-style-regular\"><table class=\"has-background has-fixed-layout\" style=\"background-color:#f3f3f3\"><thead><tr><th><strong>Modalit\u00e0 e criteri di verifica dell\u2019apprendimento:<\/strong><\/th><\/tr><\/thead><tbody><tr><td>La valutazione finale valuter\u00e0 le conoscenze e le capacit\u00e0 di apprendimento, comprensione, e autonomia di giudizio attraverso una prova scritta a risposta multipla sul programma del corso.<br>L&#8217;esame valuta la preparazione complessiva dello studente, la capacit\u00e0 di mettere in relazione le conoscenze riguardanti le varie parti del programma, la coerenza dell&#8217;argomentazione, la capacit\u00e0 analitica e l&#8217;autonomia di giudizio. Vengono inoltre valutate la padronanza del linguaggio e la chiarezza espositiva dello studente, in conformit\u00e0 con i descrittori di Dublino (1. conoscenza e comprensione; 2. applicazione della conoscenza e dell&#8217;esperienza; 3. formulazione di giudizi; 4. capacit\u00e0 di apprendimento; 5. capacit\u00e0 di comunicazione).<br>Il voto finale si baser\u00e0 per il 70% sull&#8217;approfondimento delle conoscenze dello studente e per il 30% sulla sua capacit\u00e0 di espressione e di pensiero critico indipendente.<br>L&#8217;esame sar\u00e0 valutato secondo i seguenti criteri:<br>\u2013 Non superato: significative carenze e imprecisioni nella conoscenza e nella comprensione della materia; scarse capacit\u00e0 di analisi e sintesi, ricorrenti generalizzazioni, limitate capacit\u00e0 critiche e di giudizio; gli argomenti sono esposti in modo incoerente e con un linguaggio inappropriato.<br>\u2013 18-20: Conoscenza e comprensione degli argomenti appena sufficiente, con occasionali generalizzazioni e imperfezioni; sufficiente capacit\u00e0 di analisi sintesi e autonomia di giudizio, gli argomenti sono frequentemente esposti in modo incoerente e con un lessico inadeguato.<br>\u2013 21-23: Discreta conoscenza e comprensione dell&#8217;argomento; adeguate capacit\u00e0 di analisi e sintesi con argomentazioni coerenti e logiche, ma con un lessico spesso inadeguato.<br>\u2013 24-26: Buona conoscenza e comprensione degli argomenti; buone capacit\u00e0 di analisi e sintesi con argomentazioni espresse in modo rigoroso, ma con un lessico non sempre adeguato.<br>\u2013 27-29: Ottima conoscenza e comprensione degli argomenti; notevoli capacit\u00e0 di analisi e sintesi. Buona autonomia di giudizio. Argomenti esposti in modo rigoroso e con un lessico.<br>\u2013 30-30 e lode: Eccellente livello di conoscenza e comprensione degli argomenti. Ottime capacit\u00e0 di analisi, sintesi e autonomia di giudizio. Le argomentazioni sono espresse in modo originale e con un lessico adeguato.<\/td><\/tr><\/tbody><\/table><\/figure>\n\n\n\n<figure class=\"wp-block-table\"><table class=\"has-fixed-layout\"><thead><tr><th><strong>Descrizione della modalit\u00e0 di svolgimento e metodi didattici adottati<\/strong>:<\/th><\/tr><\/thead><tbody><tr><td>Il corso si svolge in modalit\u00e0 a distanza e prevede l&#8217;\u2019utilizzo di lezioni frontali nelle quali verranno trattati i costrutti di base di psicologia clinica della personalit\u00e0.<br>In aggiunta allo studio teorico verranno impiegate tecniche di apprendimento interattivo e partecipativo basate sull\u2019analisi dei casi clinici.<br>La partecipazione alle lezioni frontali non \u00e8 obbligatoria ma caldamente consigliata. Tutti gli studenti e studentesse avranno a disposizione dispense e materiale didattico di approfondimento che verr\u00e0 pubblicato dal docente sul canale predisposto dalla Scuola IaD per il corso.<\/td><\/tr><\/tbody><\/table><\/figure>\n\n\n\n<p><\/p>\n","protected":false},"excerpt":{"rendered":"<p>Docente: Prof.ssa Mariagrazia Di GiuseppeE-mail: mariagrazia.di.giuseppe@uniroma2.it CFU: 6Codice: 804002812CdS: Scienze dell&#8217;educazione e della formazioneLingua: Italiano Modalit\u00e0 di svolgimento: a distanzaFrequenza: facoltativaModalit\u00e0 di valutazione: Prova scritta Prerequisiti: Conoscenza della lingua italiana (B2); Nozioni di base di psicologia. Programma: Contenuti del corso:Il<\/p>\n","protected":false},"author":3,"featured_media":0,"parent":351,"menu_order":0,"comment_status":"closed","ping_status":"closed","template":"","meta":{"footnotes":""},"class_list":["post-566","page","type-page","status-publish","hentry"],"_links":{"self":[{"href":"https:\/\/www-2025.edu.lettere.uniroma2.it\/index.php\/wp-json\/wp\/v2\/pages\/566","targetHints":{"allow":["GET"]}}],"collection":[{"href":"https:\/\/www-2025.edu.lettere.uniroma2.it\/index.php\/wp-json\/wp\/v2\/pages"}],"about":[{"href":"https:\/\/www-2025.edu.lettere.uniroma2.it\/index.php\/wp-json\/wp\/v2\/types\/page"}],"author":[{"embeddable":true,"href":"https:\/\/www-2025.edu.lettere.uniroma2.it\/index.php\/wp-json\/wp\/v2\/users\/3"}],"replies":[{"embeddable":true,"href":"https:\/\/www-2025.edu.lettere.uniroma2.it\/index.php\/wp-json\/wp\/v2\/comments?post=566"}],"version-history":[{"count":8,"href":"https:\/\/www-2025.edu.lettere.uniroma2.it\/index.php\/wp-json\/wp\/v2\/pages\/566\/revisions"}],"predecessor-version":[{"id":1156,"href":"https:\/\/www-2025.edu.lettere.uniroma2.it\/index.php\/wp-json\/wp\/v2\/pages\/566\/revisions\/1156"}],"up":[{"embeddable":true,"href":"https:\/\/www-2025.edu.lettere.uniroma2.it\/index.php\/wp-json\/wp\/v2\/pages\/351"}],"wp:attachment":[{"href":"https:\/\/www-2025.edu.lettere.uniroma2.it\/index.php\/wp-json\/wp\/v2\/media?parent=566"}],"curies":[{"name":"wp","href":"https:\/\/api.w.org\/{rel}","templated":true}]}}