{"id":550,"date":"2026-02-07T17:15:23","date_gmt":"2026-02-07T16:15:23","guid":{"rendered":"https:\/\/www-2025.edu.lettere.uniroma2.it\/?page_id=550"},"modified":"2026-02-17T11:31:02","modified_gmt":"2026-02-17T10:31:02","slug":"psicologia-dello-sviluppo-e-delleducazione-aa-2025-2026","status":"publish","type":"page","link":"https:\/\/www-2025.edu.lettere.uniroma2.it\/index.php\/insegnamenti-e-programmi-aa-2025-2026\/psicologia-dello-sviluppo-e-delleducazione-aa-2025-2026\/","title":{"rendered":"Psicologia dello sviluppo e dell&#8217;educazione &#8211; A a.a. 2025-2026"},"content":{"rendered":"\n<div class=\"wp-block-columns is-layout-flex wp-container-core-columns-is-layout-9d6595d7 wp-block-columns-is-layout-flex\">\n<div class=\"wp-block-column is-layout-flow wp-block-column-is-layout-flow\" style=\"flex-basis:100%\"><div class=\"wp-block-image\">\n<figure class=\"alignright size-full is-resized\"><a href=\"\/index.php\/insegnamenti-e-programmi-aa-2025-2026\/developmental-and-educational-psychology-a-ay-2025-2026\/\"><img loading=\"lazy\" decoding=\"async\" width=\"31\" height=\"18\" src=\"https:\/\/www-2025.edu.lettere.uniroma2.it\/wp-content\/uploads\/2026\/02\/Eng-1.png\" alt=\"\" class=\"wp-image-306\" style=\"aspect-ratio:1.5296052823519115;width:31px;height:auto\"\/><\/a><\/figure>\n<\/div><\/div>\n<\/div>\n\n\n\n<figure class=\"wp-block-table\"><table class=\"has-background has-fixed-layout\" style=\"background-color:#f3f3f3\"><tbody><tr><td><strong>Docente:<\/strong> Prof. Giulia Pecora<br><strong>E-mail: <\/strong><a href=\"mailto:giulia.pecora@uniroma2.it\">giulia.pecora@uniroma2.it<\/a><\/td><\/tr><\/tbody><\/table><\/figure>\n\n\n\n<figure class=\"wp-block-table\"><table class=\"has-fixed-layout\"><tbody><tr><td><strong>CFU:<\/strong> 6<br><strong>Codice:<\/strong> 804002811<br><strong>CdS:<\/strong> Scienze dell&#8217;educazione e della formazione<br><strong>Lingua:<\/strong> Italiano<\/td><td><strong>Modalit\u00e0 di svolgimento:<\/strong> in presenza<br><strong>Frequenza:<\/strong> facoltativa<br><strong>Modalit\u00e0 di valutazione:<\/strong> Prova scritta<\/td><\/tr><\/tbody><\/table><\/figure>\n\n\n\n<figure class=\"wp-block-table\"><table class=\"has-fixed-layout\"><thead><tr><th><strong>Prerequisiti:<\/strong><\/th><\/tr><\/thead><tbody><tr><td>Conoscenza adeguata della lingua italiana, propensione allo studio e all&#8217;analisi critica dei temi proposti.<\/td><\/tr><\/tbody><\/table><\/figure>\n\n\n\n<figure class=\"wp-block-table\"><table class=\"has-background has-fixed-layout\" style=\"background-color:#f3f3f3\"><thead><tr><th><strong>Programma:<\/strong><\/th><\/tr><\/thead><tbody><tr><td>Durante il corso verranno presentate le principali teorie della Psicologia dello sviluppo. Verranno inoltre approfonditi i processi dello sviluppo cognitivo, emotivo e sociale del bambino, soprattutto tra la prima infanzia e l&#8217;et\u00e0 prescolare. Particolare attenzione verr\u00e0 dedicata allo studio dello sviluppo comunicativo e linguistico, dei processi metacognitivi e dei legami di attaccamento.<\/td><\/tr><\/tbody><\/table><\/figure>\n\n\n\n<figure class=\"wp-block-table\"><table class=\"has-fixed-layout\"><thead><tr><th><strong>Testi adottati:<\/strong><\/th><\/tr><\/thead><tbody><tr><td>Caravita S., Milani L., Traficante D. (2024). &#8220;Psicologia dello sviluppo e dell&#8217;educazione&#8221;. Il Mulino. (alcuni capitoli)<br>Leman, P., Bremner, A., Parke, R. D., Gauvain, M. (2023). &#8220;Psicologia dello sviluppo&#8221;. McGraw Hill. (alcuni capitoli)<br>slides e dispense<\/td><\/tr><\/tbody><\/table><\/figure>\n\n\n\n<figure class=\"wp-block-table\"><table class=\"has-fixed-layout\"><thead><tr><th><strong>Obiettivi formativi e risultati di apprendimento attesi:<\/strong><\/th><\/tr><\/thead><tbody><tr><td>OBIETTIVI FORMATIVI: Il corso si propone di esaminare le principali teorie e metodologie di ricerca, nonch\u00e9 i temi centrali della Psicologia dello Sviluppo e dell\u2019&#8217;Educazione. Sar\u00e0 dedicata particolare attenzione allo sviluppo cognitivo, emotivo e sociale. Saranno inoltre affrontati aspetti che caratterizzano i processi di apprendimento e le sfide educative nel contesto familiare e in quello scolastico.<br>CONOSCENZA E CAPACIT\u00c0 DI COMPRENSIONE: Il corso mira a i) far acquisire una comprensione approfondita delle teorie psicologiche che descrivono i principali processi di sviluppo; ii) fornire una solida conoscenza delle diverse fasi dello sviluppo e delle variabili che possono influire su questi processi; iii) approfondire il ruolo dei diversi contesti di crescita sullo sviluppo cognitivo, emotivo e sociale.<br>CAPACIT\u00c0 DI APPLICARE CONOSCENZA E COMPRENSIONE: Gli studenti e le studentesse acquisiranno le basi della Psicologia dello Sviluppo e dell&#8217;Educazione, fondamentali per operare in contesti educativi in cui sia richiesta la comprensione dei processi di crescita e apprendimento durante l\u2019infanzia e l&#8217;adolescenza.<br>AUTONOMIA DI GIUDIZIO: Durante le lezioni verranno stimolati il confronto e l&#8217;analisi critica delle conoscenze teoriche esposte per poterle applicare ai casi esaminati e nei contesti di vita reali.<br>ABILIT\u00c0 COMUNICATIVE: I contenuti del corso dovranno essere appresi e presentati in maniera chiara ed esaustiva, dimostrando di aver acquisito conoscenze adeguate attraverso l&#8217;uso di un lessico specifico e appropriato alla disciplina psicologica.<br>CAPACIT\u00c0 DI APPRENDIMENTO: L&#8217;obiettivo finale del corso \u00e8 di fornire agli studenti e alle studentesse i concetti fondamentali che contraddistinguono la Psicologia dello Sviluppo e dell&#8217;Educazione, offrendo conoscenze approfondite e stimoli per un&#8217;analisi critica dei temi centrali della disciplina.<\/td><\/tr><\/tbody><\/table><\/figure>\n\n\n\n<figure class=\"wp-block-table is-style-regular\"><table class=\"has-background has-fixed-layout\" style=\"background-color:#f3f3f3\"><thead><tr><th><strong>Modalit\u00e0 e criteri di verifica dell\u2019apprendimento:<\/strong><\/th><\/tr><\/thead><tbody><tr><td>La prova finale consister\u00e0 in un compito scritto con domande a scelta multipla e domande aperte.<br>Per le risposte alle domande aperte, la valutazione si baser\u00e0 in larga misura sulle conoscenze e sul livello di approfondimento dello studente, ma anche sulla capacit\u00e0 di espressione e utilizzo dei termini propri della disciplina.<br>La valutazione finale valuter\u00e0 le conoscenze e le capacit\u00e0 di apprendimento, comprensione, e autonomia di giudizio attraverso una prova scritta a risposta multipla sul programma del corso.<br>L&#8217;esame valuta la preparazione complessiva dello studente, la capacit\u00e0 di mettere in relazione le conoscenze riguardanti le varie parti del programma, la coerenza dell&#8217;argomentazione, la capacit\u00e0 analitica e l&#8217;autonomia di giudizio. Vengono inoltre valutate la padronanza del linguaggio e la chiarezza espositiva dello studente, in conformit\u00e0 con i descrittori di Dublino (1. conoscenza e comprensione; 2. applicazione della conoscenza e dell&#8217;esperienza; 3. formulazione di giudizi; 4. capacit\u00e0 di apprendimento; 5. capacit\u00e0 di comunicazione).<br>L&#8217;esame sar\u00e0 valutato secondo i seguenti criteri:<br>\u2013 Non superato: significative carenze e imprecisioni nella conoscenza e nella comprensione della materia; scarse capacit\u00e0 di analisi e sintesi, ricorrenti generalizzazioni, limitate capacit\u00e0 critiche e di giudizio; gli argomenti sono esposti in modo incoerente e con un linguaggio inappropriato.<br>\u2013 18-20: Conoscenza e comprensione degli argomenti appena sufficiente, con occasionali generalizzazioni e imperfezioni; sufficiente capacit\u00e0 di analisi sintesi e autonomia di giudizio, gli argomenti sono frequentemente esposti in modo incoerente e con un lessico inadeguato.<br>\u2013 21-23: Discreta conoscenza e comprensione dell&#8217;argomento; adeguate capacit\u00e0 di analisi e sintesi con argomentazioni coerenti e logiche, ma con un lessico spesso inadeguato.<br>\u2013 24-26: Buona conoscenza e comprensione degli argomenti; buone capacit\u00e0 di analisi e sintesi con argomentazioni espresse in modo rigoroso, ma con un lessico non sempre adeguato.<br>\u2013 27-29: Ottima conoscenza e comprensione degli argomenti; notevoli capacit\u00e0 di analisi e sintesi. Buona autonomia di giudizio. Argomenti esposti in modo rigoroso e con un lessico.<br>\u2013 30-30 e lode: Eccellente livello di conoscenza e comprensione degli argomenti. Ottime capacit\u00e0 di analisi, sintesi e autonomia di giudizio. Le argomentazioni sono espresse in modo originale e con un lessico adeguato.<\/td><\/tr><\/tbody><\/table><\/figure>\n\n\n\n<figure class=\"wp-block-table\"><table class=\"has-fixed-layout\"><thead><tr><th><strong>Descrizione della modalit\u00e0 di svolgimento e metodi didattici adottati<\/strong>:<\/th><\/tr><\/thead><tbody><tr><td>Il corso prevede lezioni di didattica frontale che verranno condotte in forma orale, accompagnate da presentazioni in PowerPoint, visione di filmati e immagini esplicative. Durante il corso verranno proposte attivit\u00e0 di monitoraggio dell&#8217;apprendimento, attraverso domande, piccoli test di autovalutazione ed eventualmente lavori di gruppo.<br>La frequenza del corso \u00e8 facoltativa ma altamente consigliata.<\/td><\/tr><\/tbody><\/table><\/figure>\n\n\n\n<p><\/p>\n","protected":false},"excerpt":{"rendered":"<p>Docente: Prof. Giulia PecoraE-mail: giulia.pecora@uniroma2.it CFU: 6Codice: 804002811CdS: Scienze dell&#8217;educazione e della formazioneLingua: Italiano Modalit\u00e0 di svolgimento: in presenzaFrequenza: facoltativaModalit\u00e0 di valutazione: Prova scritta Prerequisiti: Conoscenza adeguata della lingua italiana, propensione allo studio e all&#8217;analisi critica dei temi proposti. Programma:<\/p>\n","protected":false},"author":3,"featured_media":0,"parent":351,"menu_order":0,"comment_status":"closed","ping_status":"closed","template":"","meta":{"footnotes":""},"class_list":["post-550","page","type-page","status-publish","hentry"],"_links":{"self":[{"href":"https:\/\/www-2025.edu.lettere.uniroma2.it\/index.php\/wp-json\/wp\/v2\/pages\/550","targetHints":{"allow":["GET"]}}],"collection":[{"href":"https:\/\/www-2025.edu.lettere.uniroma2.it\/index.php\/wp-json\/wp\/v2\/pages"}],"about":[{"href":"https:\/\/www-2025.edu.lettere.uniroma2.it\/index.php\/wp-json\/wp\/v2\/types\/page"}],"author":[{"embeddable":true,"href":"https:\/\/www-2025.edu.lettere.uniroma2.it\/index.php\/wp-json\/wp\/v2\/users\/3"}],"replies":[{"embeddable":true,"href":"https:\/\/www-2025.edu.lettere.uniroma2.it\/index.php\/wp-json\/wp\/v2\/comments?post=550"}],"version-history":[{"count":8,"href":"https:\/\/www-2025.edu.lettere.uniroma2.it\/index.php\/wp-json\/wp\/v2\/pages\/550\/revisions"}],"predecessor-version":[{"id":1151,"href":"https:\/\/www-2025.edu.lettere.uniroma2.it\/index.php\/wp-json\/wp\/v2\/pages\/550\/revisions\/1151"}],"up":[{"embeddable":true,"href":"https:\/\/www-2025.edu.lettere.uniroma2.it\/index.php\/wp-json\/wp\/v2\/pages\/351"}],"wp:attachment":[{"href":"https:\/\/www-2025.edu.lettere.uniroma2.it\/index.php\/wp-json\/wp\/v2\/media?parent=550"}],"curies":[{"name":"wp","href":"https:\/\/api.w.org\/{rel}","templated":true}]}}