{"id":518,"date":"2026-02-07T16:50:22","date_gmt":"2026-02-07T15:50:22","guid":{"rendered":"https:\/\/www-2025.edu.lettere.uniroma2.it\/?page_id=518"},"modified":"2026-02-17T11:27:00","modified_gmt":"2026-02-17T10:27:00","slug":"pedagogia-speciale-aa-2025-2026","status":"publish","type":"page","link":"https:\/\/www-2025.edu.lettere.uniroma2.it\/index.php\/insegnamenti-e-programmi-aa-2025-2026\/pedagogia-speciale-aa-2025-2026\/","title":{"rendered":"Pedagogia speciale a.a. 2025-2026"},"content":{"rendered":"\n<div class=\"wp-block-columns is-layout-flex wp-container-core-columns-is-layout-9d6595d7 wp-block-columns-is-layout-flex\">\n<div class=\"wp-block-column is-layout-flow wp-block-column-is-layout-flow\" style=\"flex-basis:100%\"><div class=\"wp-block-image\">\n<figure class=\"alignright size-full is-resized\"><a href=\"\/index.php\/insegnamenti-e-programmi-aa-2025-2026\/special-education-ay-2025-2026\/\"><img loading=\"lazy\" decoding=\"async\" width=\"31\" height=\"18\" src=\"https:\/\/www-2025.edu.lettere.uniroma2.it\/wp-content\/uploads\/2026\/02\/Eng-1.png\" alt=\"\" class=\"wp-image-306\" style=\"aspect-ratio:1.5296052823519115;width:31px;height:auto\"\/><\/a><\/figure>\n<\/div><\/div>\n<\/div>\n\n\n\n<figure class=\"wp-block-table\"><table class=\"has-background has-fixed-layout\" style=\"background-color:#f3f3f3\"><tbody><tr><td><strong>Docente:<\/strong> Prof. Giuseppe Sellari<br>E-mail: <a href=\"mailto:giuseppe.sellari@uniroma2.it\">giuseppe.sellari@uniroma2.it<\/a><\/td><\/tr><\/tbody><\/table><\/figure>\n\n\n\n<figure class=\"wp-block-table\"><table class=\"has-fixed-layout\"><tbody><tr><td><strong>CFU:<\/strong> 12<br><strong>Codice:<\/strong> 804002809<br><strong>CdS:<\/strong> Scienze dell&#8217;educazione e della formazione<br><strong>Lingua:<\/strong> Italiano<\/td><td><strong>Modalit\u00e0 di svolgimento:<\/strong> in presenza<br><strong>Frequenza:<\/strong> facoltativa<br><strong>Modalit\u00e0 di valutazione:<\/strong> Prova orale<\/td><\/tr><\/tbody><\/table><\/figure>\n\n\n\n<figure class=\"wp-block-table\"><table class=\"has-fixed-layout\"><thead><tr><th><strong>Prerequisiti:<\/strong><\/th><\/tr><\/thead><tbody><tr><td>Nessuno<\/td><\/tr><\/tbody><\/table><\/figure>\n\n\n\n<figure class=\"wp-block-table\"><table class=\"has-background has-fixed-layout\" style=\"background-color:#f3f3f3\"><thead><tr><th><strong>Programma:<\/strong><\/th><\/tr><\/thead><tbody><tr><td>L&#8217;insegnamento fornisce nella PARTE GENERALE (Modulo A) un&#8217;introduzione ai principali temi della Pedagogia Speciale, focalizzandosi in particolar modo sulle sfide della pedagogia delle differenze, sull&#8217;evoluzione della disciplina nel corso della storia e sulla via italiana all&#8217;inclusione e ai Bisogni Educativi Speciali.<br>La PARTE MONOGRAFICA (Modulo B) \u00e8 dedicata alla didattica inclusiva nell\u2019infanzia e all&#8217;alfabetizzazione vocale ed emotiva.<br>L&#8217;insegnamento fornisce:<br>-L&#8217;evoluzione culturale a supporto dell&#8217;inclusione;<br>-Le differenze in primo piano: dal modello individuale a quello sociale e delle capacit\u00e0;<br>-Verso il curricolo per l&#8217;inclusione;<br>-Cercare i punti di contatto per una programmazione inclusiva;<br>-Star bene a scuola: clima e regole condivise;<br>-Attivare la risorsa compagni: educare alle emozioni e alla prosocialit\u00e0;<br>-I bisogni speciali degli allievi e gli interventi specifici;<br>-Inclusione di qualit\u00e0 per una scuola di qualit\u00e0.<\/td><\/tr><\/tbody><\/table><\/figure>\n\n\n\n<figure class=\"wp-block-table\"><table class=\"has-fixed-layout\"><thead><tr><th><strong>Testi adottati:<\/strong><\/th><\/tr><\/thead><tbody><tr><td>Testi per l&#8217;esame<br>PARTE GENERALE \u2013 modulo A:<br>-Lucio Cottini, Didattica speciale e inclusione scolastica, Carocci, Roma 2017.<br>-Normativa italiana (dispense del docente): presentazione del percorso normativo in Italia dalle classi differenziali ai Bisogni Educativi Speciali.<br>PARTE MONOGRAFICA \u2013 modulo B:<br>-Giuseppe Sellari, La Musica, la Voce e il Canto nel curricolo inclusivo 0-6 anni. Mille sfumature di cielo, Roma, Anicia, 2020.<br>-Giuseppe Sellari, Tullio Visioli (a cura di), Educare alle Emozioni. Promuovere relazioni positive nella scuola, Roma, Universitalia, 2020.<\/td><\/tr><\/tbody><\/table><\/figure>\n\n\n\n<figure class=\"wp-block-table\"><table class=\"has-background has-fixed-layout\" style=\"background-color:#f3f3f3\"><thead><tr><th><strong>Bibliografia di riferimento:<\/strong><\/th><\/tr><\/thead><tbody><tr><td>-AA.VV., &nbsp;Dislessia e altri DSA a scuola. Strategie efficaci per gli insegnanti, Trento, Erickson, 2013.<br>-Canevaro A., &nbsp;Pedagogia speciale. La riduzione dell&#8217;handicap, Milano, Bruno Mondadori, 1999;<br>-Canevaro A., &nbsp;L&#8217;integrazione scolastica degli alunni con disabilit\u00e0,&nbsp;Trento, Erickson, 2007;<br>-Cives Giacomo, Marco Antonio D&#8217;Arcangeli, Furio Pesci e Paola Trabalzini,&nbsp; Verso la Scuola di tutti. Pedagogisti italiani del Novecento, Roma, UniversItalia, 2013.<br>-Contardi Anna, &nbsp;Verso l&#8217;autonomia. Percorsi educativi per ragazzi con disabilit\u00e0 intellettiva, Roma, Carocci, 2014.<br>-Cottini Lucio, &nbsp;Didattica speciale e inclusione scolastica, Roma, Carocci, 2020.<br>-Crispiani Piero (a cura di), &nbsp;Storia della pedagogia speciale. L&#8217;origine, lo sviluppo, la differenziazione, Pisa, ETS, 2016.<br>-d&#8217;Alonzo Luigi, &nbsp;Pedagogia speciale per l&#8217;inclusione, Milano, Schol\u00e8, 2018.<br>-d&#8217;Alonzo Luigi, &nbsp;Dizionario di pedagogia speciale, Milano, Schol\u00e8, 2019.<br>-De Anna Lucia,&nbsp; Pedagogia Speciale. Integrazione e inclusione, Roma, Carocci, 2014.<br>-Fiorin Italo, &nbsp;Scuola accogliente, scuola competente. Pedagogia e didattica della scuola inclusiva, Brescia, La Scuola, 2012<br>-Fromm Erich,&nbsp; L&#8217;arte di ascoltare, Milano, Oscar-Mondadori, 2009.<br>-Gardner Howard, &nbsp;Educazione e sviluppo della mente. Intelligenze multiple e apprendimento, Trento, Erickson, 2005.<br>-Goleman Daniel,&nbsp; Intelligenza emotiva. Che cos&#8217;\u00e8, perch\u00e9 pu\u00f2 renderci felici, Milano, BUR, 2005.<br>-Ianes Dario e Sofia Cramerotti, &nbsp;Alunni con BES, Trento, Erickson, 2014.<br>-Montalcini R. L. ,&nbsp;L&#8217;elogio dell&#8217;imperfezione, Garzanti, Milano, 1999;<br>-Montessori Maria (a cura di Claudio Lamparelli),&nbsp; Montessori. Educare alla libert\u00e0, Milano, Oscar-Mondadori, 2008.<br>-Schianchi Matteo,&nbsp; Storia della disabilit\u00e0. Dal castigo degli d\u00e8i alla crisi del welfare, Roma, Carocci, 2012.<\/td><\/tr><\/tbody><\/table><\/figure>\n\n\n\n<figure class=\"wp-block-table\"><table class=\"has-fixed-layout\"><thead><tr><th><strong>Obiettivi formativi e risultati di apprendimento attesi:<\/strong><\/th><\/tr><\/thead><tbody><tr><td>Obiettivi formativi<br>Il corso intende fornire agli studenti le conoscenze delle principali posizioni che si sono sviluppate, in particolare in Italia, intorno ai temi della Pedagogia Speciale esaminandone i paradigmi teorici e metodologici con particolare riferimento ai Bisogni Educativi Speciali (BES). Inoltre, partendo dall\u2019evoluzione storica e dalle funzioni della disciplina, verr\u00e0 illustrata la normativa italiana dalla scuola dell&#8217;esclusione alla scuola di tutti e di ciascuno secondo le nuove direttive ministeriali e le prospettive per l\u2019inclusione dell\u2019ICF indicate dallOMS.<br>Conoscenza e capacit\u00e0 di comprensione<br>Gli studenti devono acquisire le conoscenze teoriche di base e metodologico-didattiche della Pedagogia Speciale per comprendere le diverse esigenze educative nei vari contesti scolastici ed extrascolastici inclusivi.<br>Capacit\u00e0 di applicare conoscenza e comprensione<br>Saper impiegare le conoscenze acquisite nei diversi ambiti educativi mettendo a disposizione le proprie competenze nello sviluppo e nell&#8217;accrescimento del sistema di appartenenza.<br>Autonomia di giudizio<br>Agli studenti \u00e8 richiesta la capacit\u00e0 di riflessione autonoma e critica; di essere in grado di problematizzare i fenomeni educativi speciali, di analizzare criticamente e scegliere programmi e interventi formativi inclusivi; di essere in grado di autovalutare le proprie competenze didattico-educative.<br>Abilit\u00e0 comunicative<br>Saper comunicare informazioni relative alle situazioni educative e didattiche inclusive; possedere competenze nel gestire la relazione e i processi comunicativi con gli allievi, le famiglie e gli altri professionisti.<br>Capacit\u00e0 di apprendimento<br>Indirizzare gli studenti all&#8217;uso delle fonti e della loro autonoma valutazione, in modo da renderli in grado di individuare ed interpretare autonomamente le diverse tipologie di intervento educativo.<\/td><\/tr><\/tbody><\/table><\/figure>\n\n\n\n<figure class=\"wp-block-table is-style-regular\"><table class=\"has-background has-fixed-layout\" style=\"background-color:#f3f3f3\"><thead><tr><th><strong>Modalit\u00e0 e criteri di verifica dell\u2019apprendimento:<\/strong><\/th><\/tr><\/thead><tbody><tr><td>L&#8217;esame valuta la preparazione complessiva dello studente, la capacit\u00e0 di mettere in relazione le conoscenze riguardanti le varie parti del programma, la coerenza dell&#8217;argomentazione, la capacit\u00e0 analitica e l&#8217;autonomia di giudizio. Vengono inoltre valutate la padronanza del linguaggio e la chiarezza espositiva dello studente, in conformit\u00e0 con i descrittori di Dublino (1. conoscenza e comprensione; 2. applicazione della conoscenza e dell&#8217;esperienza; 3. formulazione di giudizi; 4. capacit\u00e0 di apprendimento; 5. capacit\u00e0 di comunicazione).<br>Il voto finale si baser\u00e0 per il 70% sull&#8217;approfondimento delle conoscenze dello studente e per il 30% sulla sua capacit\u00e0 di espressione e di pensiero critico indipendente.<br>L&#8217;esame sar\u00e0 valutato secondo i seguenti criteri:<br>\u2013 Non superato: significative carenze e imprecisioni nella conoscenza e nella comprensione della materia; scarse capacit\u00e0 di analisi e sintesi, ricorrenti generalizzazioni, limitate capacit\u00e0 critiche e di giudizio; gli argomenti sono esposti in modo incoerente e con un linguaggio inappropriato.<br>\u2013 18-20: Conoscenza e comprensione degli argomenti appena sufficiente, con occasionali generalizzazioni e imperfezioni; sufficiente capacit\u00e0 di analisi sintesi e autonomia di giudizio, gli argomenti sono frequentemente esposti in modo incoerente e con un lessico inadeguato.<br>\u2013 21-23: Discreta conoscenza e comprensione dell&#8217;argomento; adeguate capacit\u00e0 di analisi e sintesi con argomentazioni coerenti e logiche, ma con un lessico spesso inadeguato.<br>\u2013 24-26: Buona conoscenza e comprensione degli argomenti; buone capacit\u00e0 di analisi e sintesi con argomentazioni espresse in modo rigoroso, ma con un lessico non sempre adeguato.<br>\u2013 27-29: Ottima conoscenza e comprensione degli argomenti; notevoli capacit\u00e0 di analisi e sintesi. Buona autonomia di giudizio. Argomenti esposti in modo rigoroso e con un lessico.<br>\u2013 30-30 e lode: Eccellente livello di conoscenza e comprensione degli argomenti. Ottime capacit\u00e0 di analisi, sintesi e autonomia di giudizio. Le argomentazioni sono espresse in modo originale e con un lessico adeguato.<\/td><\/tr><\/tbody><\/table><\/figure>\n\n\n\n<figure class=\"wp-block-table\"><table class=\"has-fixed-layout\"><thead><tr><th><strong>Descrizione della modalit\u00e0 di svolgimento e metodi didattici adottati<\/strong>:<\/th><\/tr><\/thead><tbody><tr><td>Le lezioni di Pedagogia Speciale, in modalit\u00e0 frontale, si svolgeranno in presenza nel I semestre.<br>Le lezioni si svolgeranno a partire dal mese di ottobre fino al mese di dicembre il luned\u00ec e il marted\u00ec dalle 16.00 alle 19.00 in aula T12B. La prima lezione \u00e8 prevista mercoled\u00ec 6 ottobre alle ore 16.00.<\/td><\/tr><\/tbody><\/table><\/figure>\n\n\n\n<p><\/p>\n","protected":false},"excerpt":{"rendered":"<p>Docente: Prof. Giuseppe SellariE-mail: giuseppe.sellari@uniroma2.it CFU: 12Codice: 804002809CdS: Scienze dell&#8217;educazione e della formazioneLingua: Italiano Modalit\u00e0 di svolgimento: in presenzaFrequenza: facoltativaModalit\u00e0 di valutazione: Prova orale Prerequisiti: Nessuno Programma: L&#8217;insegnamento fornisce nella PARTE GENERALE (Modulo A) un&#8217;introduzione ai principali temi della Pedagogia<\/p>\n","protected":false},"author":3,"featured_media":0,"parent":351,"menu_order":0,"comment_status":"closed","ping_status":"closed","template":"","meta":{"footnotes":""},"class_list":["post-518","page","type-page","status-publish","hentry"],"_links":{"self":[{"href":"https:\/\/www-2025.edu.lettere.uniroma2.it\/index.php\/wp-json\/wp\/v2\/pages\/518","targetHints":{"allow":["GET"]}}],"collection":[{"href":"https:\/\/www-2025.edu.lettere.uniroma2.it\/index.php\/wp-json\/wp\/v2\/pages"}],"about":[{"href":"https:\/\/www-2025.edu.lettere.uniroma2.it\/index.php\/wp-json\/wp\/v2\/types\/page"}],"author":[{"embeddable":true,"href":"https:\/\/www-2025.edu.lettere.uniroma2.it\/index.php\/wp-json\/wp\/v2\/users\/3"}],"replies":[{"embeddable":true,"href":"https:\/\/www-2025.edu.lettere.uniroma2.it\/index.php\/wp-json\/wp\/v2\/comments?post=518"}],"version-history":[{"count":6,"href":"https:\/\/www-2025.edu.lettere.uniroma2.it\/index.php\/wp-json\/wp\/v2\/pages\/518\/revisions"}],"predecessor-version":[{"id":1143,"href":"https:\/\/www-2025.edu.lettere.uniroma2.it\/index.php\/wp-json\/wp\/v2\/pages\/518\/revisions\/1143"}],"up":[{"embeddable":true,"href":"https:\/\/www-2025.edu.lettere.uniroma2.it\/index.php\/wp-json\/wp\/v2\/pages\/351"}],"wp:attachment":[{"href":"https:\/\/www-2025.edu.lettere.uniroma2.it\/index.php\/wp-json\/wp\/v2\/media?parent=518"}],"curies":[{"name":"wp","href":"https:\/\/api.w.org\/{rel}","templated":true}]}}