{"id":495,"date":"2026-02-07T16:27:38","date_gmt":"2026-02-07T15:27:38","guid":{"rendered":"https:\/\/www-2025.edu.lettere.uniroma2.it\/?page_id=495"},"modified":"2026-02-17T11:23:51","modified_gmt":"2026-02-17T10:23:51","slug":"pedagogia-generale-e-pedagogia-sociale-modulo-pedagogia-sociale-aa-2025-2026","status":"publish","type":"page","link":"https:\/\/www-2025.edu.lettere.uniroma2.it\/index.php\/insegnamenti-e-programmi-aa-2025-2026\/pedagogia-generale-e-pedagogia-sociale-modulo-pedagogia-sociale-aa-2025-2026\/","title":{"rendered":"Pedagogia generale e pedagogia sociale (Modulo pedagogia sociale) a.a. 2025-2026"},"content":{"rendered":"\n<div class=\"wp-block-columns is-layout-flex wp-container-core-columns-is-layout-9d6595d7 wp-block-columns-is-layout-flex\">\n<div class=\"wp-block-column is-layout-flow wp-block-column-is-layout-flow\" style=\"flex-basis:100%\"><div class=\"wp-block-image\">\n<figure class=\"alignright size-full is-resized\"><a href=\"\/index.php\/insegnamenti-e-programmi-aa-2025-2026\/social-pedagogy-and-general-pedagogy-social-pedagogy-ay-2025-2026\/\"><img loading=\"lazy\" decoding=\"async\" width=\"31\" height=\"18\" src=\"https:\/\/www-2025.edu.lettere.uniroma2.it\/wp-content\/uploads\/2026\/02\/Eng-1.png\" alt=\"\" class=\"wp-image-306\" style=\"aspect-ratio:1.5296052823519115;width:31px;height:auto\"\/><\/a><\/figure>\n<\/div><\/div>\n<\/div>\n\n\n\n<figure class=\"wp-block-table\"><table class=\"has-background has-fixed-layout\" style=\"background-color:#f3f3f3\"><tbody><tr><td><strong>Docente responsabile dell&#8217;insegnamento:<\/strong> Prof. Carla Roverselli<br><strong>E-mail:<\/strong> <a href=\"mailto:roverselli@lettere.uniroma2.it\">roverselli@lettere.uniroma2.it<\/a><\/td><\/tr><\/tbody><\/table><\/figure>\n\n\n\n<figure class=\"wp-block-table\"><table class=\"has-background has-fixed-layout\" style=\"background-color:#f3f3f3\"><tbody><tr><td><strong>Docente del modulo didattico:<\/strong> Prof.ssa Elvira Lozupone<br><strong>E-mail:<\/strong> <a href=\"mailto:lozupone@uniroma2.it\">lozupone@uniroma2.it<\/a><\/td><\/tr><\/tbody><\/table><\/figure>\n\n\n\n<figure class=\"wp-block-table\"><table class=\"has-fixed-layout\"><tbody><tr><td><strong>CFU:<\/strong> 12<br><strong>Codice:<\/strong> 804002503<br><strong>CdS:<\/strong> Scienze dell\u2019educazione e della formazione<br><strong>Lingua:<\/strong> Italiano<\/td><td><strong>Frequenza:<\/strong> facoltativa<br><strong>Modalit\u00e0 di valutazione:<\/strong> Prova orale<br><strong>Svolgimento del corso:<\/strong> I semestre<\/td><\/tr><\/tbody><\/table><\/figure>\n\n\n\n<figure class=\"wp-block-table\"><table class=\"has-fixed-layout\"><thead><tr><th><strong>Prerequisiti:<\/strong><\/th><\/tr><\/thead><tbody><tr><td>Lo\/la studente deve saper leggere e comprendere testi complessi<\/td><\/tr><\/tbody><\/table><\/figure>\n\n\n\n<figure class=\"wp-block-table\"><table class=\"has-background has-fixed-layout\" style=\"background-color:#f3f3f3\"><thead><tr><th><strong>Programma:<\/strong><\/th><\/tr><\/thead><tbody><tr><td>Almeno 20 ore sono dedicate alla spiegazione del manuale che \u00e8 molto articolato; 10 ore sono dedicate allillustrazione dei temi legati al genere e alla tematica della devianza minorile<\/td><\/tr><\/tbody><\/table><\/figure>\n\n\n\n<figure class=\"wp-block-table\"><table class=\"has-fixed-layout\"><thead><tr><th><strong>Testi adottati:<\/strong><\/th><\/tr><\/thead><tbody><tr><td>I testi per il corso di Pedagogia sociale sono 3 e comprendono:<br>2 testi obbligatori<br>E.Lozupone nel segno dell&#8217;ecologia integrale. Contesti ed esperienze educative Roma,<br>Francoangeli (scaricabile gratuitamente dal sito della casa editrice)<br>E.Lozupone (a cura di) Nelle maglie della devianza lavoro istituzionale e territoriale. Per le<br>nuove generazioni<\/td><\/tr><\/tbody><\/table><\/figure>\n\n\n\n<figure class=\"wp-block-table\"><table class=\"has-fixed-layout\"><thead><tr><th><strong>Obiettivi formativi e risultati di apprendimento attesi:<\/strong><\/th><\/tr><\/thead><tbody><tr><td>OBIETTIVI FORMATIVI:<br>CONOSCENZA E CAPACIT\u00c0 DI COMPRENSIONE: Lo studio dell\u2019ecologia integrale come<br>approccio necessario e inevitabile per rispondere in modo adeguato \u2018al grido della terra e al<br>grido dei poveri\u2018.<br>\u00b7 L\u2019educazione come volano del cambiamento in senso ecologico integrale.<br>\u00b7 La pedagogia di Bergoglio e i sette pilastri dell\u2019educazione<br>\u00b7 Concetti e termini di pedagogia generale e sociale declinati in senso ecologico<br>integrale<br>\u00b7 Progettazione educativa<br>\u00b7 La devianza minorile e la questione attuale sugli interventi rieducativi.<br>\u00b7 La questione del genere in un\u2019ottica pedagogica: riflessioni e criticit\u00e0<br>CAPACIT\u00c0 DI APPLICARE CONOSCENZA E COMPRENSIONE: la presentazione dei<br>materiali di studio \u00e8 articolata in maniera da permettere il passaggio dalla riflessione teorica<br>a contesti e casi concreti<br>AUTONOMIA DI GIUDIZIO: Lo studente \u00e8 tenuto a riferire quanto indicato nei testi<br>indipendentemente dalle proprie opinioni personali e \/o confessionali, sar\u00e0 poi gradita la<br>discussione motivata delle scelte pedagogiche della docente. abilit\u00e0 comunicative : \u00e8<\/td><\/tr><\/tbody><\/table><\/figure>\n\n\n\n<figure class=\"wp-block-table is-style-regular\"><table class=\"has-background has-fixed-layout\" style=\"background-color:#f3f3f3\"><thead><tr><th><strong>Modalit\u00e0 e criteri di verifica dell\u2019apprendimento:<\/strong><\/th><\/tr><\/thead><tbody><tr><td>l\u2019esame valuta la preparazione complessiva dello studente la capacit\u00e0 di mettere in<br>relazione le diverse parti del programma la coerenza argomentativa , la capcit\u00e0 critica e di<br>giudizio. sono valutate la chiarezza espositiva e la propriet\u00e0 di linguaggio, in conformit\u00e0 con i<br>descrittori di Dublino. La valutazione seguir\u00e0 in linea genrale questa griglia: .<br>Non idoneo: importanti carenze e\/o inaccuratezze nella conoscenza e comprensione<br>degli argomenti; limitate capacit\u00e0 di analisi e sintesi, frequenti generalizzazioni.<br>o 18-20: conoscenza e comprensione degli argomenti appena sufficiente con possibili<br>imperfezioni; capacit\u00e0 di analisi sintesi e autonomia di giudizio sufficienti.<br>o 21-23:Conoscenzaecomprensionedegliargomentiroutinaria;Capacit\u00e0dianalisiesintesi<br>corrette con argomentazione logica coerente.<br>o 24-26: Discreta conoscenza e comprensione degli argomenti; buone capacit\u00e0 di analisi e<br>sintesi con argomentazioni espresse in modo rigoroso.<\/td><\/tr><\/tbody><\/table><\/figure>\n\n\n\n<figure class=\"wp-block-table\"><table class=\"has-fixed-layout\"><thead><tr><th><strong>Descrizione della modalit\u00e0 di svolgimento e metodi didattici adottati<\/strong>:<\/th><\/tr><\/thead><tbody><tr><td>Le lezioni sono frontali , ma tendono a coivolgere gli studenti ponendo domande e ascoltando il loro parere su questioni critiche. La tematica viene svolta in modo teorico evidenziando i concetti principali, cui segue l\u2019esposizione di una situazione concreta.<br>la lezione successiva prevede una breve ripresa e \/o approfondimento dei temi trattati nella lezione precedente.<br>La frequenza \u00e8 facoltativa , ma altamente consigliata.<\/td><\/tr><\/tbody><\/table><\/figure>\n\n\n\n<p><\/p>\n","protected":false},"excerpt":{"rendered":"<p>Docente responsabile dell&#8217;insegnamento: Prof. Carla RoverselliE-mail: roverselli@lettere.uniroma2.it Docente del modulo didattico: Prof.ssa Elvira LozuponeE-mail: lozupone@uniroma2.it CFU: 12Codice: 804002503CdS: Scienze dell\u2019educazione e della formazioneLingua: Italiano Frequenza: facoltativaModalit\u00e0 di valutazione: Prova oraleSvolgimento del corso: I semestre Prerequisiti: Lo\/la studente deve saper leggere<\/p>\n","protected":false},"author":3,"featured_media":0,"parent":351,"menu_order":0,"comment_status":"closed","ping_status":"closed","template":"","meta":{"footnotes":""},"class_list":["post-495","page","type-page","status-publish","hentry"],"_links":{"self":[{"href":"https:\/\/www-2025.edu.lettere.uniroma2.it\/index.php\/wp-json\/wp\/v2\/pages\/495","targetHints":{"allow":["GET"]}}],"collection":[{"href":"https:\/\/www-2025.edu.lettere.uniroma2.it\/index.php\/wp-json\/wp\/v2\/pages"}],"about":[{"href":"https:\/\/www-2025.edu.lettere.uniroma2.it\/index.php\/wp-json\/wp\/v2\/types\/page"}],"author":[{"embeddable":true,"href":"https:\/\/www-2025.edu.lettere.uniroma2.it\/index.php\/wp-json\/wp\/v2\/users\/3"}],"replies":[{"embeddable":true,"href":"https:\/\/www-2025.edu.lettere.uniroma2.it\/index.php\/wp-json\/wp\/v2\/comments?post=495"}],"version-history":[{"count":8,"href":"https:\/\/www-2025.edu.lettere.uniroma2.it\/index.php\/wp-json\/wp\/v2\/pages\/495\/revisions"}],"predecessor-version":[{"id":1137,"href":"https:\/\/www-2025.edu.lettere.uniroma2.it\/index.php\/wp-json\/wp\/v2\/pages\/495\/revisions\/1137"}],"up":[{"embeddable":true,"href":"https:\/\/www-2025.edu.lettere.uniroma2.it\/index.php\/wp-json\/wp\/v2\/pages\/351"}],"wp:attachment":[{"href":"https:\/\/www-2025.edu.lettere.uniroma2.it\/index.php\/wp-json\/wp\/v2\/media?parent=495"}],"curies":[{"name":"wp","href":"https:\/\/api.w.org\/{rel}","templated":true}]}}