{"id":427,"date":"2026-02-07T13:18:58","date_gmt":"2026-02-07T12:18:58","guid":{"rendered":"https:\/\/www-2025.edu.lettere.uniroma2.it\/?page_id=427"},"modified":"2026-02-17T09:57:50","modified_gmt":"2026-02-17T08:57:50","slug":"diritto-privato-a-aa-2025-2026","status":"publish","type":"page","link":"https:\/\/www-2025.edu.lettere.uniroma2.it\/index.php\/insegnamenti-e-programmi-aa-2025-2026\/diritto-privato-a-aa-2025-2026\/","title":{"rendered":"Diritto privato &#8211; A &#8211; a.a. 2025-2026"},"content":{"rendered":"\n<div class=\"wp-block-columns is-layout-flex wp-container-core-columns-is-layout-9d6595d7 wp-block-columns-is-layout-flex\">\n<div class=\"wp-block-column is-layout-flow wp-block-column-is-layout-flow\" style=\"flex-basis:100%\"><div class=\"wp-block-image\">\n<figure class=\"alignright size-full is-resized\"><a href=\"\/index.php\/private-law-a\/\"><img loading=\"lazy\" decoding=\"async\" width=\"31\" height=\"18\" src=\"https:\/\/www-2025.edu.lettere.uniroma2.it\/wp-content\/uploads\/2026\/02\/Eng-1.png\" alt=\"\" class=\"wp-image-306\" style=\"aspect-ratio:1.5296052823519115;width:31px;height:auto\"\/><\/a><\/figure>\n<\/div><\/div>\n<\/div>\n\n\n\n<figure class=\"wp-block-table\"><table class=\"has-background has-fixed-layout\" style=\"background-color:#f3f3f3\"><tbody><tr><td><strong>Docente:<\/strong> Prof. Cristiano Iurilli<\/td><\/tr><tr><td>E-mail: <\/td><\/tr><\/tbody><\/table><\/figure>\n\n\n\n<figure class=\"wp-block-table\"><table class=\"has-fixed-layout\"><tbody><tr><td><strong>CFU:<\/strong> 6<br><strong>Codice:<\/strong> 804001772<br><strong>CdS:<\/strong> Scienze dell&#8217;educazione e della formazione<br><strong>Lingua:<\/strong> Italiano<\/td><td><strong>Modalit\u00e0 di svolgimento:<\/strong> in presenza<br><strong>Frequenza:<\/strong> facoltativa<br><strong>Modalit\u00e0 di valutazione:<\/strong> Prova orale<\/td><\/tr><\/tbody><\/table><\/figure>\n\n\n\n<figure class=\"wp-block-table\"><table class=\"has-fixed-layout\"><thead><tr><th><strong>Prerequisiti:<\/strong><\/th><\/tr><\/thead><tbody><tr><td>Nessuno<\/td><\/tr><\/tbody><\/table><\/figure>\n\n\n\n<figure class=\"wp-block-table\"><table class=\"has-background has-fixed-layout\" style=\"background-color:#f3f3f3\"><thead><tr><th><strong>Programma:<\/strong><\/th><\/tr><\/thead><tbody><tr><td>Parte generale<br>ORDINAMENTO GIURIDICO E FONTI DEL DIRITTO;<br>SITUAZIONE SOGGETTIVA E RAPPORTO GIURIDICO;<br>APPLICAZIONE DEL DIRITTO NELLO SPAZIO E NEL TEMPO;<br>PERSONE FISICHE E PERSONE GIURIDICHE.<br>Parte prima<br>I DIRITTI REALI;<br>I BENI;<br>LA PROPRIETA&#8217;;<br>IL POSSESSO;<br>Parte seconda<br>IL RAPPORTO OBBLIGATORIO: CARATTERI ESSENZIALI;<br>L&#8217;ADEMPIMENTO NELLE OBBLIGAZIONI;<br>L&#8217;ESTINZIONE DELLE OBBLIGAZIONI<br>Parte terza<br>IL CONTRATTO;<br>GLI ELEMENTI ESSENZIALI;<br>LA CONCLUSIONE DELL&#8217;ACCORDO E LE NUOVE DINAMICHE CONTRATTUALI;<br>IL CONTRATTO, LA TUTELA DEL CONSUMATORE E DIRITTI INVIOLABILI DELL&#8217;UOMO;<br>LE INVALIDITA&#8217;;<br>CENNI SULLA RESPONSABILITA&#8217; EXTRACONTRATTUALE.<br>Parte quarta<br>LA FAMIGLIA NEL CONTESTO DELL&#8217;ORDINAMENTO GIURIDICO;<br>IL MATRIMONIO ED I RAPPORTI PATRIMONIALI<br>PRINCIPI GENERALI IN TEMA DI SUCCESSIONI<\/td><\/tr><\/tbody><\/table><\/figure>\n\n\n\n<figure class=\"wp-block-table\"><table class=\"has-fixed-layout\"><thead><tr><th><strong>Testi adottati:<\/strong><\/th><\/tr><\/thead><tbody><tr><td>TESTO MERAMENTE CONSIGLIATO (CON LIBERTA&#8217; PER LO STUDENTE DI UTILIZZARE TESTI DI RIFERIMENTO DIVERSI):<br>GALGANO F., ISTITUZIONI DI DIRITTO PRIVATO, CEDAM, 2024<\/td><\/tr><\/tbody><\/table><\/figure>\n\n\n\n<figure class=\"wp-block-table\"><table class=\"has-fixed-layout\"><thead><tr><th><strong>Obiettivi formativi e risultati di apprendimento attesi:<\/strong><\/th><\/tr><\/thead><tbody><tr><td>OBIETTIVI FORMATIVI: L\u2019&#8217;insegnamento di diritto privato costituisce un insegnamento basilare, finalizzato a fornire i presupposti conoscitivi fondamentali dell\u2019&#8217;intero settore.<br>Gli argomenti oggetto del corso hanno ad oggetto tematiche centrali a natura trasversale, la cui conoscenza \u00e8 richiesta sia nell\u2019ambito dei pubblici concorsi, sia nella pressoch\u00e9 totalit\u00e0 dei settori lavorativi.<br>CONOSCENZA E CAPACIT\u00c0 DI COMPRENSIONE: In relazione al corso, lo studente\/la studentessa, dovr\u00e0 aver acquisito la conoscenza complessiva e generale delle istituzioni del diritto privato, cogliendone anche i profili innovativi alla luce dell\u2019evoluzione del sistema economico-sociale.<br>CAPACIT\u00c0 DI APPLICARE CONOSCENZA E COMPRENSIONE:<br>AUTONOMIA DI GIUDIZIO:<br>ABILIT\u00c0 COMUNICATIVE:<br>CAPACIT\u00c0 DI APPRENDIMENTO:<\/td><\/tr><\/tbody><\/table><\/figure>\n\n\n\n<figure class=\"wp-block-table is-style-regular\"><table class=\"has-background has-fixed-layout\" style=\"background-color:#f3f3f3\"><thead><tr><th><strong>Modalit\u00e0 e criteri di verifica dell\u2019apprendimento:<\/strong><\/th><\/tr><\/thead><tbody><tr><td>L&#8217;esame si svolger\u00e0 in presenza e\/o on line, secondo le indicazioni dettate dall\u2019Ateneo.<br>L\u2019esame si svolger\u00e0 in un\u2019unica prova orale.<br>Il voto \u00e8 espresso in trentesimi alla fine del colloquio.<br>La prova orale prevede un minimo di 2 domande.<br>Nel corso della prova lo studente deve dimostrare:<br>La conoscenza degli argomenti oggetto del corso.<br>La propriet\u00e0 del linguaggio tecnico-giuridico;<br>La capacit\u00e0 di analisi critica degli argomenti trattati.<br>L&#8217;esame sar\u00e0 valutato secondo i seguenti criteri:<br>\u2013 Non superato: significative carenze e imprecisioni nella conoscenza e nella comprensione della materia; scarse capacit\u00e0 di analisi e sintesi, ricorrenti generalizzazioni, limitate capacit\u00e0 critiche e di giudizio; gli argomenti sono esposti in modo incoerente e con un linguaggio inappropriato.<br>\u2013 18-20: Conoscenza e comprensione degli argomenti appena sufficiente, con occasionali generalizzazioni e imperfezioni; sufficiente capacit\u00e0 di analisi sintesi e autonomia di giudizio, gli argomenti sono frequentemente esposti in modo incoerente e con un lessico inadeguato.<br>\u2013 21-23: Discreta conoscenza e comprensione dell&#8217;argomento; adeguate capacit\u00e0 di analisi e sintesi con argomentazioni coerenti e logiche, ma con un lessico spesso inadeguato.<br>\u2013 24-26: Buona conoscenza e comprensione degli argomenti; buone capacit\u00e0 di analisi e sintesi con argomentazioni espresse in modo rigoroso, ma con un lessico non sempre adeguato.<br>\u2013 27-29: Ottima conoscenza e comprensione degli argomenti; notevoli capacit\u00e0 di analisi e sintesi. Buona autonomia di giudizio. Argomenti esposti in modo rigoroso e con un lessico.<br>\u2013 30-30 e lode: Eccellente livello di conoscenza e comprensione degli argomenti. Ottime capacit\u00e0 di analisi, sintesi e autonomia di giudizio. Le argomentazioni sono espresse in modo originale e con un lessico adeguato.<\/td><\/tr><\/tbody><\/table><\/figure>\n\n\n\n<figure class=\"wp-block-table\"><table class=\"has-fixed-layout\"><thead><tr><th><strong>Descrizione della modalit\u00e0 di frequenza<\/strong>:<\/th><\/tr><\/thead><tbody><tr><td>La frequenza sar\u00e0 facoltativa. In caso di frequenza alle lezioni sar\u00e0 tenuta in particolare considerazione ai fini dell&#8217;esame.<\/td><\/tr><\/tbody><\/table><\/figure>\n","protected":false},"excerpt":{"rendered":"<p>Docente: Prof. Cristiano Iurilli E-mail: CFU: 6Codice: 804001772CdS: Scienze dell&#8217;educazione e della formazioneLingua: Italiano Modalit\u00e0 di svolgimento: in presenzaFrequenza: facoltativaModalit\u00e0 di valutazione: Prova orale Prerequisiti: Nessuno Programma: Parte generaleORDINAMENTO GIURIDICO E FONTI DEL DIRITTO;SITUAZIONE SOGGETTIVA E RAPPORTO GIURIDICO;APPLICAZIONE DEL DIRITTO<\/p>\n","protected":false},"author":3,"featured_media":0,"parent":351,"menu_order":0,"comment_status":"closed","ping_status":"closed","template":"","meta":{"footnotes":""},"class_list":["post-427","page","type-page","status-publish","hentry"],"_links":{"self":[{"href":"https:\/\/www-2025.edu.lettere.uniroma2.it\/index.php\/wp-json\/wp\/v2\/pages\/427","targetHints":{"allow":["GET"]}}],"collection":[{"href":"https:\/\/www-2025.edu.lettere.uniroma2.it\/index.php\/wp-json\/wp\/v2\/pages"}],"about":[{"href":"https:\/\/www-2025.edu.lettere.uniroma2.it\/index.php\/wp-json\/wp\/v2\/types\/page"}],"author":[{"embeddable":true,"href":"https:\/\/www-2025.edu.lettere.uniroma2.it\/index.php\/wp-json\/wp\/v2\/users\/3"}],"replies":[{"embeddable":true,"href":"https:\/\/www-2025.edu.lettere.uniroma2.it\/index.php\/wp-json\/wp\/v2\/comments?post=427"}],"version-history":[{"count":6,"href":"https:\/\/www-2025.edu.lettere.uniroma2.it\/index.php\/wp-json\/wp\/v2\/pages\/427\/revisions"}],"predecessor-version":[{"id":1116,"href":"https:\/\/www-2025.edu.lettere.uniroma2.it\/index.php\/wp-json\/wp\/v2\/pages\/427\/revisions\/1116"}],"up":[{"embeddable":true,"href":"https:\/\/www-2025.edu.lettere.uniroma2.it\/index.php\/wp-json\/wp\/v2\/pages\/351"}],"wp:attachment":[{"href":"https:\/\/www-2025.edu.lettere.uniroma2.it\/index.php\/wp-json\/wp\/v2\/media?parent=427"}],"curies":[{"name":"wp","href":"https:\/\/api.w.org\/{rel}","templated":true}]}}