{"id":1261,"date":"2026-02-18T16:30:16","date_gmt":"2026-02-18T15:30:16","guid":{"rendered":"https:\/\/www-2025.edu.lettere.uniroma2.it\/?page_id=1261"},"modified":"2026-02-18T16:30:16","modified_gmt":"2026-02-18T15:30:16","slug":"contatti","status":"publish","type":"page","link":"https:\/\/www-2025.edu.lettere.uniroma2.it\/index.php\/contatti\/","title":{"rendered":"Contatti"},"content":{"rendered":"\n<p><strong>Coordinatrice del Corso di Laurea:<\/strong><strong><br><\/strong>Prof.ssa Mariagrazia Di Giuseppe.&nbsp; E-mail:&nbsp;<a href=\"mailto:mariagrazia.di.giuseppe@uniroma2.it\">mariagrazia.di.giuseppe@uniroma2.it<\/a>&nbsp;<\/p>\n\n\n\n<p><strong>Vice-coordiantrice:\u00a0<\/strong><br>Dott.ssa Angela Spinelli. E-mail: <a href=\"mailto:angela.spinelli@uniroma2.it\">angela.spinelli@uniroma2.it<\/a>\u00a0<\/p>\n\n\n\n<p><strong>Responsabile iscrizioni ai Laboratori:<\/strong><br>Dott.ssa Giulia Pecora. E-mail: <a href=\"mailto:giulia.pecora@uniroma2.it\">giulia.pecora@uniroma2.it<\/a>\u00a0<\/p>\n\n\n\n<p><strong>Delegata per la Mobilit\u00e0 Erasmus:<\/strong><strong><br><\/strong>Prof.ssa Carla Roverselli. E-mail: <a href=\"mailto:carla.roverselli@uniroma2.it\">carla.roverselli@uniroma2.it<\/a> &nbsp;&nbsp;<\/p>\n\n\n\n<p><strong>Segreteria studenti:<\/strong><br>Responsabile della Segreteria studenti e Manager didattico: Dott.ssa Laura Ciccarelli<br>E-mail:&nbsp;<a href=\"mailto:segreteriastudenti@lettere.uniroma2.it\">segreteriastudenti@lettere.uniroma2.it<br><\/a>Sito web:&nbsp;<a href=\"http:\/\/segreteria.lettere.uniroma2.it\/home\/\">http:\/\/segreteria.lettere.uniroma2.it\/home\/<\/a><\/p>\n\n\n\n<p><strong>Segreteria didattica:<\/strong><br>Responsabile: Dott. Giancarlo Di Santi.<br>E-mail:&nbsp;<a href=\"mailto:disanti@uniroma2.it\">disanti@uniroma2.it<\/a><\/p>\n\n\n\n<p><strong>Ufficio Tirocini:<\/strong><br>Responsabile: Dott.ssa Caterina Bagni<br>E-mail:\u00a0<a href=\"mailto:tirocinio@lettere.uniroma2.it\">tirocinio@lettere.uniroma2.it<\/a><\/p>\n\n\n\n<p><strong>Sportello Orientamento Studenti:<\/strong><br>Orari: dal luned\u00ec al venerd\u00ec dalle ore 9 alle ore 13; mercoled\u00ec anche dalle ore 14 alle ore 16<br>Tel. +39 06 7259.5000<br>E-mail\u00a0<a href=\"mailto:sportellostudentilettere@gmail.com\">sportellostudentilettere@gmail.com<\/a><\/p>\n\n\n\n<p><\/p>\n","protected":false},"excerpt":{"rendered":"<p>Coordinatrice del Corso di Laurea:Prof.ssa Mariagrazia Di Giuseppe.&nbsp; E-mail:&nbsp;mariagrazia.di.giuseppe@uniroma2.it&nbsp; Vice-coordiantrice:\u00a0Dott.ssa Angela Spinelli. E-mail: angela.spinelli@uniroma2.it\u00a0 Responsabile iscrizioni ai Laboratori:Dott.ssa Giulia Pecora. E-mail: giulia.pecora@uniroma2.it\u00a0 Delegata per la Mobilit\u00e0 Erasmus:Prof.ssa Carla Roverselli. E-mail: carla.roverselli@uniroma2.it &nbsp;&nbsp; Segreteria studenti:Responsabile della Segreteria studenti e Manager didattico:<\/p>\n","protected":false},"author":3,"featured_media":0,"parent":0,"menu_order":0,"comment_status":"closed","ping_status":"closed","template":"","meta":{"footnotes":""},"class_list":["post-1261","page","type-page","status-publish","hentry"],"_links":{"self":[{"href":"https:\/\/www-2025.edu.lettere.uniroma2.it\/index.php\/wp-json\/wp\/v2\/pages\/1261","targetHints":{"allow":["GET"]}}],"collection":[{"href":"https:\/\/www-2025.edu.lettere.uniroma2.it\/index.php\/wp-json\/wp\/v2\/pages"}],"about":[{"href":"https:\/\/www-2025.edu.lettere.uniroma2.it\/index.php\/wp-json\/wp\/v2\/types\/page"}],"author":[{"embeddable":true,"href":"https:\/\/www-2025.edu.lettere.uniroma2.it\/index.php\/wp-json\/wp\/v2\/users\/3"}],"replies":[{"embeddable":true,"href":"https:\/\/www-2025.edu.lettere.uniroma2.it\/index.php\/wp-json\/wp\/v2\/comments?post=1261"}],"version-history":[{"count":1,"href":"https:\/\/www-2025.edu.lettere.uniroma2.it\/index.php\/wp-json\/wp\/v2\/pages\/1261\/revisions"}],"predecessor-version":[{"id":1262,"href":"https:\/\/www-2025.edu.lettere.uniroma2.it\/index.php\/wp-json\/wp\/v2\/pages\/1261\/revisions\/1262"}],"wp:attachment":[{"href":"https:\/\/www-2025.edu.lettere.uniroma2.it\/index.php\/wp-json\/wp\/v2\/media?parent=1261"}],"curies":[{"name":"wp","href":"https:\/\/api.w.org\/{rel}","templated":true}]}}