{"id":1245,"date":"2026-02-18T16:24:05","date_gmt":"2026-02-18T15:24:05","guid":{"rendered":"https:\/\/www-2025.edu.lettere.uniroma2.it\/?page_id=1245"},"modified":"2026-02-18T16:24:05","modified_gmt":"2026-02-18T15:24:05","slug":"riesame","status":"publish","type":"page","link":"https:\/\/www-2025.edu.lettere.uniroma2.it\/index.php\/riesame\/","title":{"rendered":"Riesame"},"content":{"rendered":"\n<p>Il\u00a0Riesame\u00a0\u00e8 parte integrante dell\u2019Assicurazione della Qualit\u00e0 delle attivit\u00e0 di formazione: \u00e8 un processo, periodico e programmato, per valutare l\u2019idoneit\u00e0, l\u2019adeguatezza e l\u2019efficacia della propria azione, al fine di mettere in atto tutti gli opportuni interventi di correzione e miglioramento. Ogni Corso di Laurea ha nominato un\u00a0Gruppo di Riesame (GdR)\u00a0che si occupa dell\u2019elaborazione del Commento alla Scheda di Monitoraggio Annuale (SMA) e della redazione della proposta di Rapporto di Riesame Ciclico (RRC).<br>Per la composizione del GdR si veda la pagina\u00a0<a href=\"https:\/\/www-2020.storiaedocumenti.lettere.uniroma2.it\/struttura-organizzativa\/\">Struttura organizzativa<\/a>, mentre i documenti da esso prodotti sono consultabili alla pagina\u00a0<a href=\"https:\/\/www-2020.storiaedocumenti.lettere.uniroma2.it\/archivio-verbali-e-documenti\/\">Archivio Verbali e Documenti<\/a>, alla sezione Rapporto Riesame Ciclico<\/p>\n","protected":false},"excerpt":{"rendered":"<p>Il\u00a0Riesame\u00a0\u00e8 parte integrante dell\u2019Assicurazione della Qualit\u00e0 delle attivit\u00e0 di formazione: \u00e8 un processo, periodico e programmato, per valutare l\u2019idoneit\u00e0, l\u2019adeguatezza e l\u2019efficacia della propria azione, al fine di mettere in atto tutti gli opportuni interventi di correzione e miglioramento. Ogni<\/p>\n","protected":false},"author":3,"featured_media":0,"parent":0,"menu_order":0,"comment_status":"closed","ping_status":"closed","template":"","meta":{"footnotes":""},"class_list":["post-1245","page","type-page","status-publish","hentry"],"_links":{"self":[{"href":"https:\/\/www-2025.edu.lettere.uniroma2.it\/index.php\/wp-json\/wp\/v2\/pages\/1245","targetHints":{"allow":["GET"]}}],"collection":[{"href":"https:\/\/www-2025.edu.lettere.uniroma2.it\/index.php\/wp-json\/wp\/v2\/pages"}],"about":[{"href":"https:\/\/www-2025.edu.lettere.uniroma2.it\/index.php\/wp-json\/wp\/v2\/types\/page"}],"author":[{"embeddable":true,"href":"https:\/\/www-2025.edu.lettere.uniroma2.it\/index.php\/wp-json\/wp\/v2\/users\/3"}],"replies":[{"embeddable":true,"href":"https:\/\/www-2025.edu.lettere.uniroma2.it\/index.php\/wp-json\/wp\/v2\/comments?post=1245"}],"version-history":[{"count":1,"href":"https:\/\/www-2025.edu.lettere.uniroma2.it\/index.php\/wp-json\/wp\/v2\/pages\/1245\/revisions"}],"predecessor-version":[{"id":1246,"href":"https:\/\/www-2025.edu.lettere.uniroma2.it\/index.php\/wp-json\/wp\/v2\/pages\/1245\/revisions\/1246"}],"wp:attachment":[{"href":"https:\/\/www-2025.edu.lettere.uniroma2.it\/index.php\/wp-json\/wp\/v2\/media?parent=1245"}],"curies":[{"name":"wp","href":"https:\/\/api.w.org\/{rel}","templated":true}]}}