{"id":107,"date":"2026-01-27T11:38:59","date_gmt":"2026-01-27T10:38:59","guid":{"rendered":"https:\/\/www-2025.edu.lettere.uniroma2.it\/?page_id=107"},"modified":"2026-01-27T11:39:44","modified_gmt":"2026-01-27T10:39:44","slug":"aule-e-laboratori","status":"publish","type":"page","link":"https:\/\/www-2025.edu.lettere.uniroma2.it\/index.php\/aule-e-laboratori\/","title":{"rendered":"Aule e Laboratori"},"content":{"rendered":"\n<ul class=\"wp-block-list\">\n<li><a href=\"https:\/\/ateneo.cineca.it\/off270\/sua16\/agg_dati.php?parte=502&amp;id_rad=1526266&amp;id_testo=T62&amp;user=ATEcroversell\" target=\"_blank\" rel=\"noreferrer noopener\">Aule<\/a><\/li>\n\n\n\n<li><a href=\"https:\/\/ateneo.cineca.it\/off270\/sua16\/agg_dati.php?parte=502&amp;id_rad=1526266&amp;id_testo=T63&amp;user=ATEcroversell\" target=\"_blank\" rel=\"noreferrer noopener\">Laboratori e aule informatiche<\/a><\/li>\n<\/ul>\n\n\n\n<p>Per l\u2019erogazione del corso in modalit\u00e0 teledidattica ci si avvale di un ambiente formativo online che garantisce al discente flessibilit\u00e0 nella reperibilit\u00e0 dei contenuti formativi, gestione autonoma dei tempi di studio, ottimizzazione del processo di apprendimento, possibilit\u00e0 di interazioni sincrone e asincrone con i docenti.<\/p>\n\n\n\n<p><strong>Aule e Laboratori<\/strong><br>Le lezioni dei corsi e dei laboratori del corso di laurea si svolgono presso la Macroarea di Lettere, in via Columbia 1.<\/p>\n\n\n\n<p><strong>AULE<\/strong><\/p>\n\n\n\n<p>Le aule dove si svolgono generalmente le lezioni frontali del CdS si trovano nell\u2019edificio A della Macroarea di Lettere e Filosofia, in via Columbia, 1- 00133 Roma. Di varia capienza, vanno da aule di 25 posti all\u2019 Aula Rossa (T12 B) e all\u2019Aula Verde (T12 A), che, destinate alle lezioni pi\u00f9 frequentate, hanno una capienza di circa 200 posti. Le aule didattiche sono in gran parte attrezzate, cio\u00e8 dotate di sistema di proiezione per powerpoint e di sistemi di amplificazione acustica. L\u2019orario delle lezioni, con assegnazione delle aule, \u00e8 tempestivamente pubblicato sul sito web della Macroarea: http:\/\/lettere.uniroma2.it\/calendario-lezioni\/.<\/p>\n\n\n\n<p><strong>AULE INFORMATICHE<\/strong><\/p>\n\n\n\n<p>Le aule informatiche sono dotate di postazioni utente e postazione docente, collegate in Rete, cos\u00ec da fornire agli studenti la possibilit\u00e0 di un supporto informatico e multimediale nell\u2019ambito delle attivit\u00e0 didattiche. L\u2019accesso alle aule informatiche \u00e8 consentito previa prenotazione e tabella oraria concordata con l\u2019Ufficio Gestione attivit\u00e0 Didattiche. Sono a disposizione degli studenti le seguenti aule:<\/p>\n\n\n\n<p>\u2013 Aula P 2 \u2028Edificio A, Piano I \u2013 Dotazione: 20 postazioni studenti, 1 postazione docente,\u2028Pacchetto Microsoft Office e navigazione in rete solo in ambiente Linux. Accesso consentito se non in uso per la didattica.<\/p>\n\n\n\n<p>\u2013 Aula P9 Edificio A, Piano I \u2013 Dotazione: 15 postazioni, costituite da PC collegati alla rete Internet d\u2019Ateneo e tra di loro. Tutte le macchine sono dotate di lettore CD-ROM, di cuffia con microfono, con sistemi operativi Windows (\u201998) e Linux (Mandrake 9.1). Pacchetto Office 2003 multilicenza educational per gli SO e gli applicativi.<\/p>\n\n\n\n<p>\u2013 Aula P8 Edificio A, Piano I \u2013 Dotazione: 20 postazioni studenti e 1 postazione docente, lavagna luminosa elettronica e scanner tridimensionale \u201call-in-one\u201d, lettore videocassette, rack 12 registratori audio a cassette comandati via software dalla postazione docente.<\/p>\n\n\n\n<p>\u2013 Aula P 12 Edificio A, Piano I \u2013 Dotazione: 12 postazioni, Pacchetto Microsoft Office e Navigazione in Rete. Accesso in base ad orari stabiliti.<\/p>\n\n\n\n<p>\u2013 Aula P22 Edificio A, Piano I \u2028- Dotazione: 26 postazioni studenti e 1 postazione docente,\u2028Pacchetto Microsoft Office e Navigazione in Rete.<\/p>\n\n\n\n<p><strong>SALE E POSTAZIONI PER LO STUDIO<\/strong><\/p>\n\n\n\n<p>Nell\u2019edificio A della Macroarea di Lettere e Filosofia (Via Columbia, 1 \u2014 00133 Roma) \u00e8 presente una sala studio organizzata (aula P12), con amplissimi orari apertura (ore 8.30-20.00). Altri spazi per attivit\u00e0 di studio libero sono ricavati, con sedie e tavoli, nei corridoi dei piani 1 e -1 degli edifici A e B (stesso indirizzo).<\/p>\n\n\n\n<p><strong>AULA MOSCATI<\/strong> Edificio B, 1 piano Pu\u00f2 ospitare circa 100 persone. Utilizzata per lauree, conferenze, convegni e altre manifestazioni<\/p>\n\n\n\n<p><strong>AUDITORIUM<\/strong><\/p>\n\n\n\n<p>Edificio A, Piano Terra. Pu\u00f2 ospitare circa 450 persone. Utilizzato per concerti, congressi, e altre manifestazioni scientifiche e culturali.<\/p>\n\n\n\n<p><strong>BIBLIOTECA<\/strong><\/p>\n\n\n\n<p>La Biblioteca dell\u2019Area letteraria, storica e filosofica (BALSF) \u00e8 sita al pianterreno dell\u2019edificio B della Macroarea (ex Facolt\u00e0) di Lettere e Filosofia, in via Columbia 1 \u2014 00133 Roma. Un ulteriore ambiente, a servizio della Biblioteca, impiegato per servizi speciali (audiovideoteca; sez. musica-spettacolo), \u00e8 sito nell\u2019edificio B, al medesimo indirizzo. Si dota di ampie sale studio con postazioni fisse dotate di prese, 12 delle quali con computer disponibile alla navigazione, e wi-fi in tutta la struttura.<\/p>\n\n\n\n<p>I servizi offerti dalla struttura sono: prestito, consultazione, banche dati catalografiche, bibliografiche o testuali su supporto elettronico, abbonamenti a banche dati via internet, servizio fotocopie, postazioni non vedenti, prestito interbibliotecario.<\/p>\n\n\n\n<p>Per ulteriori informazioni si consultino le pagine del relativo sito web: <a href=\"http:\/\/lettere.biblio.uniroma2.it\/\">http:\/\/lettere.biblio.uniroma2.it\/<\/a><\/p>\n\n\n\n<p>Per il catalogo d\u2019Ateneo: <a href=\"http:\/\/160.80.1.148:8992\/F\/\">http:\/\/160.80.1.148:8992\/F\/<\/a><\/p>\n\n\n\n<p>L\u2019apertura della Biblioteca \u00e8 stata da poco ampliata: dal Luned\u00ec al Venerd\u00ec dalle ore 8.30 alle 22.30, Sabato chiusa, Domenica dalle 10.00 alle 20.00. Per entrare \u00e8 necessario essere studenti, non solo di Tor Vergata, ma anche di altri atenei (dotarsi del libretto)<\/p>\n\n\n\n<p>Dati numerici relativi alla Biblioteca d\u2019Area<\/p>\n\n\n\n<p>N\u00b0 posti di lettura N\u00b0 medio di ore di apertura settimanale Mesi di utilizzo (nell\u2019anno) N\u00b0 volumi N\u00b0 periodici elettronici N\u00b0 abbonamenti a periodici cartacei<br>240 96 11 115000 20 700<\/p>\n\n\n\n<p><\/p>\n","protected":false},"excerpt":{"rendered":"<p>Per l\u2019erogazione del corso in modalit\u00e0 teledidattica ci si avvale di un ambiente formativo online che garantisce al discente flessibilit\u00e0 nella reperibilit\u00e0 dei contenuti formativi, gestione autonoma dei tempi di studio, ottimizzazione del processo di apprendimento, possibilit\u00e0 di interazioni sincrone<\/p>\n","protected":false},"author":3,"featured_media":0,"parent":0,"menu_order":0,"comment_status":"closed","ping_status":"closed","template":"","meta":{"footnotes":""},"class_list":["post-107","page","type-page","status-publish","hentry"],"_links":{"self":[{"href":"https:\/\/www-2025.edu.lettere.uniroma2.it\/index.php\/wp-json\/wp\/v2\/pages\/107","targetHints":{"allow":["GET"]}}],"collection":[{"href":"https:\/\/www-2025.edu.lettere.uniroma2.it\/index.php\/wp-json\/wp\/v2\/pages"}],"about":[{"href":"https:\/\/www-2025.edu.lettere.uniroma2.it\/index.php\/wp-json\/wp\/v2\/types\/page"}],"author":[{"embeddable":true,"href":"https:\/\/www-2025.edu.lettere.uniroma2.it\/index.php\/wp-json\/wp\/v2\/users\/3"}],"replies":[{"embeddable":true,"href":"https:\/\/www-2025.edu.lettere.uniroma2.it\/index.php\/wp-json\/wp\/v2\/comments?post=107"}],"version-history":[{"count":2,"href":"https:\/\/www-2025.edu.lettere.uniroma2.it\/index.php\/wp-json\/wp\/v2\/pages\/107\/revisions"}],"predecessor-version":[{"id":109,"href":"https:\/\/www-2025.edu.lettere.uniroma2.it\/index.php\/wp-json\/wp\/v2\/pages\/107\/revisions\/109"}],"wp:attachment":[{"href":"https:\/\/www-2025.edu.lettere.uniroma2.it\/index.php\/wp-json\/wp\/v2\/media?parent=107"}],"curies":[{"name":"wp","href":"https:\/\/api.w.org\/{rel}","templated":true}]}}